{"id":100005174,"date":"2025-04-14T21:13:05","date_gmt":"2025-04-14T20:13:05","guid":{"rendered":"https:\/\/most.permaculture.hu\/?post_type=product&#038;p=100005174"},"modified":"2025-04-17T19:04:34","modified_gmt":"2025-04-17T18:04:34","slug":"geoff-lawton-bevezetes-a-permakulturaba","status":"publish","type":"product","link":"https:\/\/most.permaculture.hu\/en\/product\/geoff-lawton-bevezetes-a-permakulturaba\/","title":{"rendered":"Geoff Lawton: Bevezet\u00e9s a permakult\u00far\u00e1ba"},"content":{"rendered":"","protected":false},"excerpt":{"rendered":"<p><strong>Bevezet\u00e9s a permakult\u00far\u00e1ba \u2013 f\u00f3kuszban Budapest<\/strong><\/p>\n<p class=\"m_-6624917539903458423mcePastedContent\">A permakult\u00fara nemcsak a kertekr\u0151l sz\u00f3l \u2013 hanem r\u00f3lunk, emberekr\u0151l.<br \/>\nArr\u00f3l, hogyan \u00e9lhet\u00fcnk \u00f6sszhangban a term\u00e9szettel, egym\u00e1ssal \u00e9s saj\u00e1t v\u00e1rosi k\u00f6rnyezet\u00fcnkkel.<\/p>\n<p class=\"m_-6624917539903458423mcePastedContent\">Ez az el\u0151ad\u00e1s bevezet a permakult\u00fara vil\u00e1g\u00e1ba:<\/p>\n<ul>\n<li>\n<p class=\"m_-6624917539903458423mcePastedContent\">hogyan gondolkodjunk rendszerekben<\/p>\n<\/li>\n<li>\n<p class=\"m_-6624917539903458423mcePastedContent\">hogyan \u00e9p\u00edthet\u00fcnk fenntarthat\u00f3bb v\u00e1rosi k\u00f6z\u00f6ss\u00e9geket<\/p>\n<\/li>\n<li>\n<p class=\"m_-6624917539903458423mcePastedContent\">hogyan v\u00e1lhat a saj\u00e1t k\u00f6rnyezet\u00fcnk \u2013 legyen az egy erk\u00e9ly, egy udvar vagy egy lak\u00f3telep \u2013 \u00e9l\u0151, t\u00e1mogat\u00f3 \u00f6kosziszt\u00e9m\u00e1v\u00e1.<\/p>\n<\/li>\n<\/ul>\n<p class=\"m_-6624917539903458423mcePastedContent\"><strong><img decoding=\"async\" class=\"an1 CToWUd\" draggable=\"false\" src=\"https:\/\/fonts.gstatic.com\/s\/e\/notoemoji\/16.0\/1f4cd\/72.png\" alt=\"\ud83d\udccd\" width=\"23\" height=\"23\" data-emoji=\"\ud83d\udccd\" aria-label=\"\ud83d\udccd\" data-bit=\"iit\" \/>\u00a0<\/strong><em><strong>Helysz\u00edn:<\/strong>\u00a0K\u00c9K &#8211; Kort\u00e1rs \u00c9p\u00edt\u00e9szeti K\u00f6zpont, Budapest, Bart\u00f3k B\u00e9la \u00fat 10-12, 1111 Hungary<\/em><\/p>\n<p class=\"m_-6624917539903458423mcePastedContent\"><strong><img decoding=\"async\" class=\"an1 CToWUd\" draggable=\"false\" src=\"https:\/\/fonts.gstatic.com\/s\/e\/notoemoji\/16.0\/1f557\/72.png\" alt=\"\ud83d\udd57\" width=\"20\" height=\"20\" data-emoji=\"\ud83d\udd57\" aria-label=\"\ud83d\udd57\" data-bit=\"iit\" \/>\u00a0<\/strong><em><strong>Id\u0151pont:\u00a0<\/strong>2025. \u00e1prilis 17.18:00 &#8211; 21.00<\/em><br \/>\n<em><strong>Regisztr\u00e1ci\u00f3hoz k\u00f6t\u00f6tt, a helyek limit\u00e1ltak!<\/strong><\/em><\/p>\n<p>&nbsp;<\/p>\n<p><img decoding=\"async\" class=\"an1 CToWUd\" draggable=\"false\" src=\"https:\/\/fonts.gstatic.com\/s\/e\/notoemoji\/16.0\/1f33f\/72.png\" alt=\"\ud83c\udf3f\" width=\"24\" height=\"24\" data-emoji=\"\ud83c\udf3f\" aria-label=\"\ud83c\udf3f\" data-bit=\"iit\" \/>\u00a0V\u00e1runk titeket szeretettel erre az inspir\u00e1l\u00f3 est\u00e9re!<\/p>","protected":false},"featured_media":100005175,"comment_status":"open","ping_status":"closed","template":"","meta":{"_bbp_topic_count":0,"_bbp_reply_count":0,"_bbp_total_topic_count":0,"_bbp_total_reply_count":0,"_bbp_voice_count":0,"_bbp_anonymous_reply_count":0,"_bbp_topic_count_hidden":0,"_bbp_reply_count_hidden":0,"_bbp_forum_subforum_count":0},"product_brand":[],"product_cat":[262],"product_tag":[],"class_list":{"0":"post-100005174","1":"product","2":"type-product","3":"status-publish","4":"has-post-thumbnail","6":"product_cat-oktatas","8":"first","9":"outofstock","10":"shipping-taxable","11":"purchasable","12":"product-type-simple"},"_links":{"self":[{"href":"https:\/\/most.permaculture.hu\/en\/wp-json\/wp\/v2\/product\/100005174","targetHints":{"allow":["GET"]}}],"collection":[{"href":"https:\/\/most.permaculture.hu\/en\/wp-json\/wp\/v2\/product"}],"about":[{"href":"https:\/\/most.permaculture.hu\/en\/wp-json\/wp\/v2\/types\/product"}],"replies":[{"embeddable":true,"href":"https:\/\/most.permaculture.hu\/en\/wp-json\/wp\/v2\/comments?post=100005174"}],"wp:featuredmedia":[{"embeddable":true,"href":"https:\/\/most.permaculture.hu\/en\/wp-json\/wp\/v2\/media\/100005175"}],"wp:attachment":[{"href":"https:\/\/most.permaculture.hu\/en\/wp-json\/wp\/v2\/media?parent=100005174"}],"wp:term":[{"taxonomy":"product_brand","embeddable":true,"href":"https:\/\/most.permaculture.hu\/en\/wp-json\/wp\/v2\/product_brand?post=100005174"},{"taxonomy":"product_cat","embeddable":true,"href":"https:\/\/most.permaculture.hu\/en\/wp-json\/wp\/v2\/product_cat?post=100005174"},{"taxonomy":"product_tag","embeddable":true,"href":"https:\/\/most.permaculture.hu\/en\/wp-json\/wp\/v2\/product_tag?post=100005174"}],"curies":[{"name":"wp","href":"https:\/\/api.w.org\/{rel}","templated":true}]}}