{"id":100004761,"date":"2024-08-27T20:07:28","date_gmt":"2024-08-27T19:07:28","guid":{"rendered":"https:\/\/most.permaculture.hu\/?post_type=product&#038;p=100004761"},"modified":"2025-12-28T19:02:27","modified_gmt":"2025-12-28T18:02:27","slug":"pdc-2026-1-reszlet","status":"publish","type":"product","link":"https:\/\/most.permaculture.hu\/en\/product\/pdc-2026-1-reszlet\/","title":{"rendered":"PDC 2026 &#8211; 1. r\u00e9szlet"},"content":{"rendered":"","protected":false},"excerpt":{"rendered":"<div class=\"row\">\n<div class=\"col-12\">\n<div class=\"section-title-header text-center\">\n<p>PDC tanfolyam els\u0151 r\u00e9szlete.<br \/>\nAz els\u0151 r\u00e9szlet \u00f6sszege 320 eur\u00f3, ennek befizet\u00e9se ut\u00e1n aktiv\u00e1l\u00f3dik a jelentkez\u00e9s.<\/p>\n<p>A fennmarad\u00f3 \u00f6sszeget tov\u00e1bbi k\u00e9t r\u00e9szletben (135-135 eur\u00f3) lehet majd t\u00f6rleszteni. A m\u00e1sodik r\u00e9szletet a tanfolyam indul\u00e1sa (2026 m\u00e1rcius) el\u0151tt kell befizetni, a fenn\u00e1ll\u00f3 harmadik r\u00e9szlet befizet\u00e9se pedig lehet\u0151v\u00e9 teszi a t\u00e1borban val\u00f3 r\u00e9szv\u00e9telt, teh\u00e1t a ny\u00e1ri t\u00e1bor el\u0151tt esed\u00e9kes.<\/p>\n<p>Az akkredit\u00e1lt PDC tanfolyam bizony\u00edtv\u00e1nyt ny\u00fajt a permakult\u00fara alapk\u00e9pz\u00e9sr\u0151l, amely 72 elm\u00e9leti \u00f3r\u00e1b\u00f3l \u00e1ll, melyet gyakorlati \u00f3r\u00e1k eg\u00e9sz\u00edtenek ki. Az oktat\u00f3k jelent\u0151s tervez\u00e9si \u00e9s oktat\u00e1si gyakorlattal rendelkeznek, k\u00e9pzett \u00e9s elismert szakemberek a permakult\u00fara ter\u00fclet\u00e9n. A tanfolyam \u00e1ltal\u00e1nos k\u00e9pet ad a permakult\u00far\u00e1r\u00f3l, annak eredet\u00e9r\u0151l, alapelveir\u0151l, aktu\u00e1lis k\u00e9rd\u00e9seir\u0151l \u00e9s gyakorlati alkalmaz\u00e1s\u00e1r\u00f3l. Ismereteket ny\u00fajt az \u00f6kol\u00f3gia, a talajtan \u00e9s a v\u00edzgazd\u00e1lkod\u00e1s ter\u00fclet\u00e9r\u0151l, illetve m\u00f3dszertani tud\u00e1st ad a helysz\u00edni elemz\u00e9s \u00e9s \u00e9rt\u00e9kel\u00e9s, a ter\u00fclet-felm\u00e9r\u00e9s, illetve az \u00e9vel\u0151 n\u00f6v\u00e9nyekre alapoz\u00f3 \u00e9lelmiszer-termel\u00e9si rendszerek t\u00e9mak\u00f6r\u00e9b\u0151l.<\/p>\n<\/div>\n<\/div>\n<\/div>","protected":false},"featured_media":100005401,"comment_status":"open","ping_status":"closed","template":"","meta":{"_bbp_topic_count":0,"_bbp_reply_count":0,"_bbp_total_topic_count":0,"_bbp_total_reply_count":0,"_bbp_voice_count":0,"_bbp_anonymous_reply_count":0,"_bbp_topic_count_hidden":0,"_bbp_reply_count_hidden":0,"_bbp_forum_subforum_count":0},"product_brand":[],"product_cat":[262],"product_tag":[],"class_list":{"0":"post-100004761","1":"product","2":"type-product","3":"status-publish","4":"has-post-thumbnail","6":"product_cat-oktatas","8":"first","9":"instock","10":"shipping-taxable","11":"purchasable","12":"product-type-simple"},"_links":{"self":[{"href":"https:\/\/most.permaculture.hu\/en\/wp-json\/wp\/v2\/product\/100004761","targetHints":{"allow":["GET"]}}],"collection":[{"href":"https:\/\/most.permaculture.hu\/en\/wp-json\/wp\/v2\/product"}],"about":[{"href":"https:\/\/most.permaculture.hu\/en\/wp-json\/wp\/v2\/types\/product"}],"replies":[{"embeddable":true,"href":"https:\/\/most.permaculture.hu\/en\/wp-json\/wp\/v2\/comments?post=100004761"}],"wp:featuredmedia":[{"embeddable":true,"href":"https:\/\/most.permaculture.hu\/en\/wp-json\/wp\/v2\/media\/100005401"}],"wp:attachment":[{"href":"https:\/\/most.permaculture.hu\/en\/wp-json\/wp\/v2\/media?parent=100004761"}],"wp:term":[{"taxonomy":"product_brand","embeddable":true,"href":"https:\/\/most.permaculture.hu\/en\/wp-json\/wp\/v2\/product_brand?post=100004761"},{"taxonomy":"product_cat","embeddable":true,"href":"https:\/\/most.permaculture.hu\/en\/wp-json\/wp\/v2\/product_cat?post=100004761"},{"taxonomy":"product_tag","embeddable":true,"href":"https:\/\/most.permaculture.hu\/en\/wp-json\/wp\/v2\/product_tag?post=100004761"}],"curies":[{"name":"wp","href":"https:\/\/api.w.org\/{rel}","templated":true}]}}