{"id":100004344,"date":"2024-01-18T23:18:58","date_gmt":"2024-01-18T22:18:58","guid":{"rendered":"https:\/\/most.permaculture.hu\/?post_type=product&#038;p=100004344"},"modified":"2025-02-05T16:45:37","modified_gmt":"2025-02-05T15:45:37","slug":"geoff-lawton-mainframe-design-masterclass","status":"publish","type":"product","link":"https:\/\/most.permaculture.hu\/en\/product\/geoff-lawton-mainframe-design-masterclass\/","title":{"rendered":"Geoff Lawton &#8211; Mainframe Design Masterclass in Hungary"},"content":{"rendered":"<p class=\"about-two__text text-success\"><strong>Are you passionate about permaculture design? Keen on gaining key observation techniques and design strategies? Would you like to \u2018learn by doing\u2019 from a leading permaculture expert?<\/strong><\/p>\n<p class=\"about-two__text\">Join us for this unique, fully immersive experience to learn AND practice permaculture design skills in action with Geoff Lawton.<\/p>","protected":false},"excerpt":{"rendered":"<p><strong>Please find the English description below\u2b07\ufe0f<\/strong><\/p>\n<p>Ezen a h\u00e9tv\u00e9g\u00e9n Geoff Lawton 40 \u00e9ves tapasztalata alapj\u00e1n v\u00e9gigvisz minket egy tervez\u00e9si folyamaton, mely f\u00f3kusz\u00e1ban a v\u00edzgazd\u00e1lkod\u00e1s \u00e9s az \u00f6kosziszt\u00e9ma regener\u00e1l\u00e1sa \u00e1ll. Ebben a h\u00e1rom napban szem\u00e9lyesen k\u00e9rdezheted meg Geofft\u0151l ak\u00e1r a r\u00e9g\u00f3ta \u00e9rlelt, ak\u00e1r a h\u00e9tv\u00e9ge sor\u00e1n felmer\u00fclt k\u00e9rd\u00e9seid.<br \/>\nA gyakorlati r\u00e9szek sor\u00e1n alkalmazott tervez\u00e9si szempontok \u00e9s m\u00f3dszerek nagyban seg\u00edthetnek ter\u00fcletek megfigyel\u00e9s\u00e9ben, megismer\u00e9s\u00e9ben \u00e9s a potenci\u00e1ljuk felfedez\u00e9s\u00e9ben. A h\u00e9tv\u00e9ge sor\u00e1n tanultak haszn\u00e1lhat\u00f3k egy \u00faj birtok kiv\u00e1laszt\u00e1s\u00e1n\u00e1l, de ak\u00e1r egy balkonkert megtervez\u00e9s\u00e9n\u00e9l is.<\/p>\n<p>Mit fogsz megtanulni?<br \/>\n\u2705 hogyan n\u00e9zz r\u00e1 egy ter\u00fcletre permakult\u00fara tervez\u0151i szemmel<br \/>\n\u2705 milyen eszk\u00f6z\u00f6ket haszn\u00e1lj \u00e9s hogyan a felt\u00e9rk\u00e9pez\u00e9s sor\u00e1n<br \/>\n\u2705 milyen f\u0151 t\u00e9nyez\u0151k alapj\u00e1n v\u00e1lassz ter\u00fcletet<br \/>\n\u2705 hogyan alkalmazd a legjobb permakult\u00far\u00e1s v\u00edzgazd\u00e1lkod\u00e1si technik\u00e1kat<br \/>\n\u2705 milyen gyakorlati p\u00e9ld\u00e1k val\u00f3sultak m\u00e1r meg<br \/>\n\u2705 milyen gyakorlati szempontok alapj\u00e1n dolgozik a vil\u00e1g egyik legtapasztaltabb permakult\u00fara tervez\u0151je<br \/>\n\u2705 mik azok a k\u00e9rd\u00e9sek, melyekre v\u00e1laszokat keres \u00e9s hogyan tal\u00e1lja meg r\u00e1juk a v\u00e1laszokat<\/p>\n<p>Kinek aj\u00e1nljuk ezt a programot?<\/p>\n<p>Aj\u00e1nljuk ezt a programot mindazoknak, akik szeretn\u00e9k m\u00e9lyebben megismerni a permakult\u00fara tervez\u00e9s folyamatait vagy m\u00e1r most is ezzel foglalkoznak. Hasznos lehet sz\u00e1modra ez a h\u00e9tv\u00e9ge akkor is, ha meg szeretn\u00e9d \u00e9rteni mir\u0151l is sz\u00f3l a permakult\u00fara a gyakorlatban. Nagyban seg\u00edthet azoknak, akik a vid\u00e9kre k\u00f6lt\u00f6z\u00e9s \u00f6tlet\u00e9vel j\u00e1tszanak, de a megszerzett tud\u00e1s k\u00f6nnyen be\u00e9p\u00edthet\u0151 v\u00e1rosi k\u00f6rnyezetbe is.<\/p>\n<p>___________________________________________________________________________________________________________________________________<\/p>\n<div class=\"xdj266r x11i5rnm xat24cr x1mh8g0r x1vvkbs\">Following on from last year&#8217;s successful, face-to-face courses with Geoff Lawton, we are delighted to announce that he is returning to Hungary. This time, Geoff will take us on a journey into the world of permaculture mainframe design, with a focus on water.<\/div>\n<div class=\"x11i5rnm xat24cr x1mh8g0r x1vvkbs xtlvy1s\">From site analysis to mapping you will learn what a mainframe design is, why water is such a key element and how we can create a solid foundation for our site design. You will survey, plan, measure , install and much more!<\/div>\n<div><\/div>\n<div class=\"x11i5rnm xat24cr x1mh8g0r x1vvkbs xtlvy1s\">Who is this programme for?<\/div>\n<div class=\"x11i5rnm xat24cr x1mh8g0r x1vvkbs xtlvy1s\"><span class=\"x3nfvp2 x1j61x8r x1fcty0u xdj266r xhhsvwb xat24cr xgzva0m xxymvpz xlup9mm x1kky2od\"><img decoding=\"async\" class=\"xz74otr\" src=\"https:\/\/static.xx.fbcdn.net\/images\/emoji.php\/v9\/t1f\/2\/16\/27a1.png\" alt=\"\u27a1\ufe0f\" width=\"16\" height=\"16\" \/><\/span>Anyone looking to design a piece of land at any scale; farm, community, perhaps an urban plot or a balcony garden<\/div>\n<div class=\"x11i5rnm xat24cr x1mh8g0r x1vvkbs xtlvy1s\"><span class=\"x3nfvp2 x1j61x8r x1fcty0u xdj266r xhhsvwb xat24cr xgzva0m xxymvpz xlup9mm x1kky2od\"><img decoding=\"async\" class=\"xz74otr\" src=\"https:\/\/static.xx.fbcdn.net\/images\/emoji.php\/v9\/t1f\/2\/16\/27a1.png\" alt=\"\u27a1\ufe0f\" width=\"16\" height=\"16\" \/><\/span>Those who work in related areas that could integrate this approach such as landscaping, gardening or farming<\/div>\n<div class=\"x11i5rnm xat24cr x1mh8g0r x1vvkbs xtlvy1s\"><span class=\"x3nfvp2 x1j61x8r x1fcty0u xdj266r xhhsvwb xat24cr xgzva0m xxymvpz xlup9mm x1kky2od\"><img decoding=\"async\" class=\"xz74otr\" src=\"https:\/\/static.xx.fbcdn.net\/images\/emoji.php\/v9\/t1f\/2\/16\/27a1.png\" alt=\"\u27a1\ufe0f\" width=\"16\" height=\"16\" \/><\/span>Anyone who wants to experience permaculture mainframe design in action<\/div>\n<div class=\"x11i5rnm xat24cr x1mh8g0r x1vvkbs xtlvy1s\"><\/div>\n<div class=\"x11i5rnm xat24cr x1mh8g0r x1vvkbs xtlvy1s\">What are you going to learn?<\/div>\n<div class=\"x11i5rnm xat24cr x1mh8g0r x1vvkbs xtlvy1s\"><span class=\"x3nfvp2 x1j61x8r x1fcty0u xdj266r xhhsvwb xat24cr xgzva0m xxymvpz xlup9mm x1kky2od\"><img decoding=\"async\" class=\"xz74otr\" src=\"https:\/\/static.xx.fbcdn.net\/images\/emoji.php\/v9\/t1f\/2\/16\/27a1.png\" alt=\"\u27a1\ufe0f\" width=\"16\" height=\"16\" \/><\/span>How to look at an area through a permaculture lens<\/div>\n<div class=\"x11i5rnm xat24cr x1mh8g0r x1vvkbs xtlvy1s\"><span class=\"x3nfvp2 x1j61x8r x1fcty0u xdj266r xhhsvwb xat24cr xgzva0m xxymvpz xlup9mm x1kky2od\"><img decoding=\"async\" class=\"xz74otr\" src=\"https:\/\/static.xx.fbcdn.net\/images\/emoji.php\/v9\/t1f\/2\/16\/27a1.png\" alt=\"\u27a1\ufe0f\" width=\"16\" height=\"16\" \/><\/span>Key mapping tools and their functions<\/div>\n<div class=\"x11i5rnm xat24cr x1mh8g0r x1vvkbs xtlvy1s\"><span class=\"x3nfvp2 x1j61x8r x1fcty0u xdj266r xhhsvwb xat24cr xgzva0m xxymvpz xlup9mm x1kky2od\"><img decoding=\"async\" class=\"xz74otr\" src=\"https:\/\/static.xx.fbcdn.net\/images\/emoji.php\/v9\/t1f\/2\/16\/27a1.png\" alt=\"\u27a1\ufe0f\" width=\"16\" height=\"16\" \/><\/span>Understanding the key factors in choosing a site<\/div>\n<div class=\"x11i5rnm xat24cr x1mh8g0r x1vvkbs xtlvy1s\"><span class=\"x3nfvp2 x1j61x8r x1fcty0u xdj266r xhhsvwb xat24cr xgzva0m xxymvpz xlup9mm x1kky2od\"><img decoding=\"async\" class=\"xz74otr\" src=\"https:\/\/static.xx.fbcdn.net\/images\/emoji.php\/v9\/t1f\/2\/16\/27a1.png\" alt=\"\u27a1\ufe0f\" width=\"16\" height=\"16\" \/><\/span>How to implement the best permaculture water management practices and techniques<\/div>\n<div class=\"x11i5rnm xat24cr x1mh8g0r x1vvkbs xtlvy1s\"><span class=\"x3nfvp2 x1j61x8r x1fcty0u xdj266r xhhsvwb xat24cr xgzva0m xxymvpz xlup9mm x1kky2od\"><img decoding=\"async\" class=\"xz74otr\" src=\"https:\/\/static.xx.fbcdn.net\/images\/emoji.php\/v9\/t1f\/2\/16\/27a1.png\" alt=\"\u27a1\ufe0f\" width=\"16\" height=\"16\" \/><\/span>Key practical applications used by one of the most experienced permaculture figure<\/div>\n<div class=\"x11i5rnm xat24cr x1mh8g0r x1vvkbs xtlvy1s\"><span class=\"x3nfvp2 x1j61x8r x1fcty0u xdj266r xhhsvwb xat24cr xgzva0m xxymvpz xlup9mm x1kky2od\"><img decoding=\"async\" class=\"xz74otr\" src=\"https:\/\/static.xx.fbcdn.net\/images\/emoji.php\/v9\/t1f\/2\/16\/27a1.png\" alt=\"\u27a1\ufe0f\" width=\"16\" height=\"16\" \/><\/span>What type of question does an expert seek answers to and HOW does he find those answers.<\/div>\n<div><\/div>\n<div class=\"x11i5rnm xat24cr x1mh8g0r x1vvkbs xtlvy1s\">Course fee: \u20ac450 ( includes lunch, unlimited tea and coffee, tent pitches with showers )<\/div>\n<div><\/div>\n<div class=\"x11i5rnm xat24cr x1mh8g0r x1vvkbs xtlvy1s\">A 30% discount is offered for those who have previously completed a PDC with us.<\/div>\n<div class=\"x11i5rnm xat24cr x1mh8g0r x1vvkbs xtlvy1s\">For more details and registration please visit:\u00a0<a class=\"x1i10hfl xjbqb8w x1ejq31n xd10rxx x1sy0etr x17r0tee x972fbf xcfux6l x1qhh985 xm0m39n x9f619 x1ypdohk xt0psk2 xe8uvvx xdj266r x11i5rnm xat24cr x1mh8g0r xexx8yu x4uap5 x18d9i69 xkhd6sd x16tdsg8 x1hl2dhg xggy1nq x1a2a7pz xt0b8zv x1fey0fg\" tabindex=\"0\" role=\"link\" href=\"https:\/\/l.facebook.com\/l.php?u=https%3A%2F%2Fpdc.permaculture.hu%2Fgeoff-lawton-permaculture-weekend%2Fen%2F%3Ffbclid%3DIwAR37pUPbtJtvotnIAIMoAE0HxYjTSAZDJwhaJjyRIO15_lnV2305_p_yhJ0_aem_AbzYy0ktyPk-Dqw81giPj8mK458lqfs90Nd8D_9kFff1a0evI8YYOU8vcsAJTPBj7zKCix2mwcFJYnQ02urMAWoD&amp;h=AT2Lbq2kY-zaA3hZQRHgBJvX9CwrOHoZ9JPhM35sGwqKFGSPqAce36Z9A5lAbzPZgXb-TjgwkayaorsNQ6UAL5G0o8wLd3dlC98LIpPUbppubDa_pSqrbIdYUJDwxduiTw&amp;__tn__=q&amp;c[0]=AT3fbN3mODwzTUjIpVBpRrspJyQGwkvYm2ml_sdMtaImx8W92SqwfPEtwpiTe8ElW35e2y8qCzPn3ZRGaI-f3aDCcXxo8B05gryoAim4vcUU01btgRTDGMQUtpk_T8ZY_1r_0hWMgn5eEyPacuwmgovtkJiE\" target=\"_blank\" rel=\"nofollow noopener noreferrer\">https:\/\/pdc.permaculture.hu\/geoff-lawton-permaculture&#8230;\/en\/<\/a><\/div>\n<div><\/div>\n<div class=\"x11i5rnm xat24cr x1mh8g0r x1vvkbs xtlvy1s\">Hope to see you then!<\/div>\n","protected":false},"featured_media":100004347,"comment_status":"open","ping_status":"closed","template":"","meta":{"_bbp_topic_count":0,"_bbp_reply_count":0,"_bbp_total_topic_count":0,"_bbp_total_reply_count":0,"_bbp_voice_count":0,"_bbp_anonymous_reply_count":0,"_bbp_topic_count_hidden":0,"_bbp_reply_count_hidden":0,"_bbp_forum_subforum_count":0},"product_brand":[],"product_cat":[15,262],"product_tag":[],"class_list":{"0":"post-100004344","1":"product","2":"type-product","3":"status-publish","4":"has-post-thumbnail","6":"product_cat-egyeb","7":"product_cat-oktatas","9":"first","10":"outofstock","11":"shipping-taxable","12":"purchasable","13":"product-type-simple"},"_links":{"self":[{"href":"https:\/\/most.permaculture.hu\/en\/wp-json\/wp\/v2\/product\/100004344","targetHints":{"allow":["GET"]}}],"collection":[{"href":"https:\/\/most.permaculture.hu\/en\/wp-json\/wp\/v2\/product"}],"about":[{"href":"https:\/\/most.permaculture.hu\/en\/wp-json\/wp\/v2\/types\/product"}],"replies":[{"embeddable":true,"href":"https:\/\/most.permaculture.hu\/en\/wp-json\/wp\/v2\/comments?post=100004344"}],"wp:featuredmedia":[{"embeddable":true,"href":"https:\/\/most.permaculture.hu\/en\/wp-json\/wp\/v2\/media\/100004347"}],"wp:attachment":[{"href":"https:\/\/most.permaculture.hu\/en\/wp-json\/wp\/v2\/media?parent=100004344"}],"wp:term":[{"taxonomy":"product_brand","embeddable":true,"href":"https:\/\/most.permaculture.hu\/en\/wp-json\/wp\/v2\/product_brand?post=100004344"},{"taxonomy":"product_cat","embeddable":true,"href":"https:\/\/most.permaculture.hu\/en\/wp-json\/wp\/v2\/product_cat?post=100004344"},{"taxonomy":"product_tag","embeddable":true,"href":"https:\/\/most.permaculture.hu\/en\/wp-json\/wp\/v2\/product_tag?post=100004344"}],"curies":[{"name":"wp","href":"https:\/\/api.w.org\/{rel}","templated":true}]}}