{"id":100004184,"date":"2023-08-24T19:18:32","date_gmt":"2023-08-24T18:18:32","guid":{"rendered":"https:\/\/most.permaculture.hu\/?post_type=product&#038;p=100004184"},"modified":"2025-02-05T16:45:37","modified_gmt":"2025-02-05T15:45:37","slug":"geoff-lawton-september-workshops","status":"publish","type":"product","link":"https:\/\/most.permaculture.hu\/en\/product\/geoff-lawton-september-workshops\/","title":{"rendered":"Geoff Lawton &#8211; September Workshops &#8211; 3 alkalom"},"content":{"rendered":"<p>Please find the English description below.<\/p>\n<p>Az egyes workshopok r\u00e9szleteit megtal\u00e1lod a k\u00f6vetkez\u0151 lapokon:<\/p>\n<p>V\u00e1rosi permakult\u00fara: <a href=\"https:\/\/most.permaculture.hu\/en\/product\/geoff-lawton-urban-permaculture\/\">Geoff Lawton \u2013 Urban Permaculture Workshop \u2013 V\u00e1rosi permakult\u00fara<\/a><\/p>\n<p>F\u00f6ldmunka \u00e9s v\u00edzgazd\u00e1lkod\u00e1s: <a href=\"https:\/\/most.permaculture.hu\/en\/product\/geoff-lawton-earthworks\/\">Geoff Lawton \u2013 Earthworks and Water Harvesting Workshop \u2013 T\u00e1jregener\u00e1l\u00e1s<\/a><\/p>\n<p>Erd\u0151kert: <a href=\"https:\/\/most.permaculture.hu\/en\/product\/geoff-lawton-foodforest\/\">Geoff Lawton \u2013 Food Forest Workshop \u2013 Erd\u0151kert<\/a><\/p>\n<p>___________________________________________________________________________________________________________________________________<br \/>\nYou can find details of each workshop on the following links:<\/p>\n<p>Urban Permaculture: <a href=\"https:\/\/most.permaculture.hu\/en\/product\/geoff-lawton-urban-permaculture\/\">Geoff Lawton \u2013 Urban Permaculture Workshop \u2013 V\u00e1rosi permakult\u00fara<\/a><\/p>\n<p>Earthworks and Water Harvesting: <a href=\"https:\/\/most.permaculture.hu\/en\/product\/geoff-lawton-earthworks\/\">Geoff Lawton \u2013 Earthworks and Water Harvesting Workshop \u2013 T\u00e1jregener\u00e1l\u00e1s<\/a><\/p>\n<p>Permaculture Food Forest: <a href=\"https:\/\/most.permaculture.hu\/en\/product\/geoff-lawton-foodforest\/\">Geoff Lawton \u2013 Food Forest Workshop \u2013 Erd\u0151kert<\/a><\/p>","protected":false},"excerpt":{"rendered":"<p>(Please find the English description below.)<\/p>\n<p>Permakult\u00fara a gyakorlatban Geoff Lawtonnal &#8211; Workshopok a vil\u00e1gh\u00edr\u0171 permakult\u00fara tervez\u0151vel<br \/>\nV\u00e1rosi Permakult\u00fara, Regener\u00e1l\u00e1s \u00e9s V\u00edzgazd\u00e1lkod\u00e1s, Erd\u0151kert tervez\u00e9s<\/p>\n<p>K\u00e9szen \u00e1llsz arra, hogy mindh\u00e1rom esem\u00e9nyen r\u00e9szt vegy\u00e9l Geoff Lawtonnal? Foglald le helyed szeptember 21-ig, k\u00fcl\u00f6nleges \u00e1ron, \u00e9s \u00e9lvezd az \u00e9letre sz\u00f3l\u00f3 \u00e9lm\u00e9nyt.<\/p>\n<p>1) V\u00e1rosi permakult\u00fara tervez\u0151i nap &#8211; 2023. szeptember 23. szombat &#8211; Budapest<br \/>\nCsatlakozz hozz\u00e1nk egy egynapos workshopra, amelyet a v\u00e1rosi permakult\u00fara jelent\u0151s\u00e9g\u00e9nek \u00e9s soksz\u00edn\u0171s\u00e9g\u00e9nek szentel\u00fcnk.<\/p>\n<p>2) F\u00f6ldmunka \u00e9s v\u00edzmegtart\u00e1s tanfolyam -2023.szeptember 27.-okt\u00f3ber 1.- Ter\u00e9ny<br \/>\n\u00d6tnapos tanfolyamunkon, megismerheted a k\u00fcl\u00f6nb\u00f6z\u0151 f\u00f6ldmunk\u00e1kat elm\u00e9letben \u00e9s gyakorlatban, bele\u00e9rtve tavak, g\u00e1tak \u00e9p\u00edt\u00e9s\u00e9t, gabion er\u00f3zi\u00f3 helyre\u00e1ll\u00edt\u00e1s\u00e1t \u00e9s agroerd\u00e9szeti talaj el\u0151k\u00e9sz\u00edt\u00e9st.  <\/p>\n<p>3) Erd\u0151kert tervez\u0151 tanfolyam &#8211; 2023 okt\u00f3ber 6-8. &#8211; Ter\u00e9ny<br \/>\nCsatlakozz hozz\u00e1nk egy h\u00e1romnapos workshopra az erd\u0151kert tervez\u00e9s\u00e9r\u0151l, kivitelez\u00e9s\u00e9r\u0151l \u00e9s fenntart\u00e1s\u00e1r\u00f3l.<\/p>\n<p>Foglalhatsz helyet egy alkalomra vagy mindh\u00e1romra k\u00fcl\u00f6nleges kedvezm\u00e9nnyel. <\/p>\n<p>K\u00fcl\u00f6nleges aj\u00e1nlat: 3 esem\u00e9nyre csak szeptember 21-ig el\u00e9rhet\u0151<\/p>\n<p>Oktat\u00e1s nyelve: angol, magyar ford\u00edt\u00e1ssal<\/p>\n<p>__________________________________________________________________________________________________________________________________<br \/>\nPermaculture in Action with Geoff Lawton &#8211; Multiple Workshops with the Legend<br \/>\nUrban Permaculture, Regeneration and Water Harvesting, Food Forest<\/p>\n<p>Are you ready to attend all three events with Geoff Lawton? Book your place by September 21st at a special rate and enjoy this experience of a lifetime.<\/p>\n<p>1) Introduction to Urban Permaculture Design &#8211; 23. September 2023.  Saturday &#8211; Budapest<br \/>\nJoin us for a day dedicated to exploring the significance and diversity of urban permaculture.<\/p>\n<p>2) Earthworks and Water Harvesting Workshop with Geoff Lawton -27.Sep &#8211; 1.Oct 2023- Ter\u00e9ny, Hungary<br \/>\nJoin us for 5-day workshop to learn about various earthworks construction including restoration of lakes, dams, gabion erosion  and agroforestry soil preparation.<\/p>\n<p>3) Permaculture Food Forest course &#8211; 6-8 Oct. &#8211; Ter\u00e9ny, Hungary<br \/>\nJoin us for a 3-day workshop on designing, implementing, and maintaining a food forest \/ forest garden.<\/p>\n<p>The course will be taught in English with Hungarian translation.<\/p>\n<p>You can either book a single course, or purchase our multiple course deal.<\/p>\n<p>Special offer: 3-course deal only available for bookings before September 21st.<\/p>","protected":false},"featured_media":100004185,"comment_status":"open","ping_status":"closed","template":"","meta":{"_bbp_topic_count":0,"_bbp_reply_count":0,"_bbp_total_topic_count":0,"_bbp_total_reply_count":0,"_bbp_voice_count":0,"_bbp_anonymous_reply_count":0,"_bbp_topic_count_hidden":0,"_bbp_reply_count_hidden":0,"_bbp_forum_subforum_count":0},"product_brand":[],"product_cat":[262],"product_tag":[],"class_list":{"0":"post-100004184","1":"product","2":"type-product","3":"status-publish","4":"has-post-thumbnail","6":"product_cat-oktatas","8":"first","9":"outofstock","10":"shipping-taxable","11":"purchasable","12":"product-type-simple"},"_links":{"self":[{"href":"https:\/\/most.permaculture.hu\/en\/wp-json\/wp\/v2\/product\/100004184","targetHints":{"allow":["GET"]}}],"collection":[{"href":"https:\/\/most.permaculture.hu\/en\/wp-json\/wp\/v2\/product"}],"about":[{"href":"https:\/\/most.permaculture.hu\/en\/wp-json\/wp\/v2\/types\/product"}],"replies":[{"embeddable":true,"href":"https:\/\/most.permaculture.hu\/en\/wp-json\/wp\/v2\/comments?post=100004184"}],"wp:featuredmedia":[{"embeddable":true,"href":"https:\/\/most.permaculture.hu\/en\/wp-json\/wp\/v2\/media\/100004185"}],"wp:attachment":[{"href":"https:\/\/most.permaculture.hu\/en\/wp-json\/wp\/v2\/media?parent=100004184"}],"wp:term":[{"taxonomy":"product_brand","embeddable":true,"href":"https:\/\/most.permaculture.hu\/en\/wp-json\/wp\/v2\/product_brand?post=100004184"},{"taxonomy":"product_cat","embeddable":true,"href":"https:\/\/most.permaculture.hu\/en\/wp-json\/wp\/v2\/product_cat?post=100004184"},{"taxonomy":"product_tag","embeddable":true,"href":"https:\/\/most.permaculture.hu\/en\/wp-json\/wp\/v2\/product_tag?post=100004184"}],"curies":[{"name":"wp","href":"https:\/\/api.w.org\/{rel}","templated":true}]}}