{"id":100004182,"date":"2023-08-24T13:17:56","date_gmt":"2023-08-24T12:17:56","guid":{"rendered":"https:\/\/most.permaculture.hu\/?post_type=product&#038;p=100004182"},"modified":"2025-02-05T16:45:37","modified_gmt":"2025-02-05T15:45:37","slug":"geoff-lawton-urban-permaculture","status":"publish","type":"product","link":"https:\/\/most.permaculture.hu\/en\/product\/geoff-lawton-urban-permaculture\/","title":{"rendered":"Geoff Lawton &#8211; Urban Permaculture Workshop &#8211; V\u00e1rosi permakult\u00fara"},"content":{"rendered":"<p>(Please find the English description below.)<\/p>\n<p>Kinek aj\u00e1nljuk ezt a workshopot?<br \/>\nV\u00e1roslak\u00f3knak, akik \u00e9rdekl\u0151dnek a permakult\u00fara v\u00e1rosi alkalmaz\u00e1sa ir\u00e1nt.<br \/>\nPermakult\u00fara tervez\u0151k, akik \u00e9rdekl\u0151dnek a permakult\u00fara technik\u00e1k \u00e9s strat\u00e9gi\u00e1k v\u00e1rosi k\u00f6rnyezetbe integr\u00e1l\u00e1sa ir\u00e1nt<br \/>\nKerttervez\u0151k \u00e9s t\u00e1j\u00e9p\u00edt\u00e9szek, akik szeretn\u00e9nek fenntarthat\u00f3bb \u00e9s term\u00e9kenyebb v\u00e1rosi kerteket letrehozni a permakult\u00fara alapelvei szerint<br \/>\nB\u00e1rki, aki szeretne v\u00e1ltoztatni v\u00e1rosi \u00e9letm\u00f3dj\u00e1n.<\/p>\n<p>____________________________________________________________________________________________________________________________________<br \/>\nWho should attend?<\/p>\n<p>Anyone who is interested in implementing permaculture principles in urban settings.<br \/>\nPermaculture designers who are interested in integrating permaculture techniques and strategies into urban environments.<br \/>\nGardeners and landscapers with experience or interest in gardening, landscaping, and urban green spaces who want to incorporate permaculture strategies to create more sustainable and productive urban gardens.<br \/>\nAnyone with an intention to make a change in their urban lifestyle.<\/p>","protected":false},"excerpt":{"rendered":"<p>(Please find the English description below.)<br \/>\nV\u00e1rosi permakult\u00fara tervez\u0151i nap -2023. szeptember 23. szombat- Budapest<br \/>\nCsatlakozz hozz\u00e1nk egy egynapos workshopra, amelyet a v\u00e1rosi permakult\u00fara jelent\u0151s\u00e9g\u00e9nek \u00e9s soksz\u00edn\u0171s\u00e9g\u00e9nek szentel\u00fcnk.<\/p>\n<p>Mit fogsz tanulni?<br \/>\n\u2705 Milyen hat\u00e1ssal lehet a v\u00e1rosi permakult\u00fara a k\u00f6rnyezet\u00fcnkre \u00e9s a k\u00f6z\u00f6ss\u00e9geinkre?<br \/>\n\u2705 Sikeres v\u00e1rosi permakult\u00fara projekteket bemutat\u00f3 esettanulm\u00e1nyok<br \/>\n\u2705 A v\u00e1rosi permakult\u00fara tervez\u00e9s k\u00fcl\u00f6nf\u00e9le technik\u00e1i<br \/>\n\u2705 Tervezz vel\u00fcnk egy kiv\u00e1lasztott ter\u00fcletet Budapesten<br \/>\n\u2705 Hogyan kezdhet\u00fcnk hozz\u00e1 a permakult\u00far\u00e1hoz v\u00e1rosi k\u00f6rnyezetben?<\/p>\n<p>Oktat\u00e1s nyelve: angol, magyar ford\u00edt\u00e1ssal<br \/>\n__________________________________________________________________________________________________________________________________<\/p>\n<p>Introduction to Urban Permaculture Design &#8211; 23. September 2023.  Saturday &#8211; Budapest<br \/>\nJoin us for a day dedicated to exploring the significance and diversity of urban permaculture.<\/p>\n<p>What are you going to learn?<br \/>\n\u2705 What impact could urban permaculture have on our cities, local communities and the environment<br \/>\n\u2705 Case studies showcasing successful urban permaculture projects<br \/>\n\u2705 Various design techniques of an urban permaculture design<br \/>\n\u2705 Design an actual plot in Budapest<br \/>\n\u2705 How to start a permaculture journey in a city environment<\/p>\n<p>The course will be taught in English with Hungarian translation.<\/p>","protected":false},"featured_media":100004188,"comment_status":"open","ping_status":"closed","template":"","meta":{"_bbp_topic_count":0,"_bbp_reply_count":0,"_bbp_total_topic_count":0,"_bbp_total_reply_count":0,"_bbp_voice_count":0,"_bbp_anonymous_reply_count":0,"_bbp_topic_count_hidden":0,"_bbp_reply_count_hidden":0,"_bbp_forum_subforum_count":0},"product_brand":[],"product_cat":[262],"product_tag":[],"class_list":{"0":"post-100004182","1":"product","2":"type-product","3":"status-publish","4":"has-post-thumbnail","6":"product_cat-oktatas","8":"first","9":"outofstock","10":"shipping-taxable","11":"purchasable","12":"product-type-simple"},"_links":{"self":[{"href":"https:\/\/most.permaculture.hu\/en\/wp-json\/wp\/v2\/product\/100004182","targetHints":{"allow":["GET"]}}],"collection":[{"href":"https:\/\/most.permaculture.hu\/en\/wp-json\/wp\/v2\/product"}],"about":[{"href":"https:\/\/most.permaculture.hu\/en\/wp-json\/wp\/v2\/types\/product"}],"replies":[{"embeddable":true,"href":"https:\/\/most.permaculture.hu\/en\/wp-json\/wp\/v2\/comments?post=100004182"}],"wp:featuredmedia":[{"embeddable":true,"href":"https:\/\/most.permaculture.hu\/en\/wp-json\/wp\/v2\/media\/100004188"}],"wp:attachment":[{"href":"https:\/\/most.permaculture.hu\/en\/wp-json\/wp\/v2\/media?parent=100004182"}],"wp:term":[{"taxonomy":"product_brand","embeddable":true,"href":"https:\/\/most.permaculture.hu\/en\/wp-json\/wp\/v2\/product_brand?post=100004182"},{"taxonomy":"product_cat","embeddable":true,"href":"https:\/\/most.permaculture.hu\/en\/wp-json\/wp\/v2\/product_cat?post=100004182"},{"taxonomy":"product_tag","embeddable":true,"href":"https:\/\/most.permaculture.hu\/en\/wp-json\/wp\/v2\/product_tag?post=100004182"}],"curies":[{"name":"wp","href":"https:\/\/api.w.org\/{rel}","templated":true}]}}