{"id":100004179,"date":"2023-08-24T12:32:49","date_gmt":"2023-08-24T11:32:49","guid":{"rendered":"https:\/\/most.permaculture.hu\/?post_type=product&#038;p=100004179"},"modified":"2025-02-05T16:45:37","modified_gmt":"2025-02-05T15:45:37","slug":"geoff-lawton-foodforest","status":"publish","type":"product","link":"https:\/\/most.permaculture.hu\/en\/product\/geoff-lawton-foodforest\/","title":{"rendered":"Geoff Lawton &#8211; Food Forest Workshop &#8211; Erd\u0151kert"},"content":{"rendered":"<p>(Please find the English description below.)<br \/>\nKinek aj\u00e1nljuk ezt a workshopot?<\/p>\n<p>Mindigis vonzottak az erd\u0151k \u00e9s a gy\u00fcm\u00f6lcs\u00f6k?<br \/>\nMindig is szeretted volna ak\u00e1r saj\u00e1t kis kertedet ehet\u0151 erd\u0151v\u00e9 alak\u00edtani?<br \/>\nIngatlanv\u00e1s\u00e1rl\u00e1son gondolkodsz \u00e9s \u00fatmutat\u00e1sra van sz\u00fcks\u00e9ged az erd\u0151kert l\u00e9trehoz\u00e1s\u00e1hoz?<br \/>\nKert\u00e9szettel vagy t\u00e1j\u00e9p\u00edt\u00e9ssel foglalkozol \u00e9s szeretn\u00e9l t\u00f6bbet tudni az erd\u0151kertekr\u0151l? <\/p>\n<p>____________________________________________________________________________________________________________________________________<br \/>\nWho should attend?<\/p>\n<p>Have you always been attracted to forests or fruits?<br \/>\nWould you like to transform your own garden &#8211; no matter how small &#8211; into an edible forest?<br \/>\nAre you thinking about buying a property and need guidance on creating a food forest?<br \/>\nPerhaps you are a professional with experience or interest in gardening, landscaping, and want to learn more about forest gardens.<\/p>","protected":false},"excerpt":{"rendered":"<p>(Please find the English description below.)<br \/>\nErd\u0151kert tervez\u0151 \u00e9s kivitelez\u0151 tanfolyam -2023 okt\u00f3ber 6-8.- Ter\u00e9ny<br \/>\nCsatlakozz hozz\u00e1nk egy h\u00e1romnapos workshopra az erd\u0151kert tervez\u00e9s\u00e9r\u0151l, kivitelez\u00e9s\u00e9r\u0151l \u00e9s fenntart\u00e1s\u00e1r\u00f3l.<\/p>\n<p>Mit fogsz tanulni?<br \/>\n\u2705 A term\u00e9szetes erd\u0151k alapelvei \u00e9s n\u00f6veked\u00e9si szintjei<br \/>\n\u2705 A szukcesszi\u00f3 dinamik\u00e1ja \u00e9s befoly\u00e1sol\u00e1sa a stabil n\u00f6veked\u00e9s \u00e9rdek\u00e9ben<br \/>\n\u2705 Milyen el\u0151nyei vannak az erd\u0151kerteknek?<br \/>\n\u2705 Alapelvek az ehet\u0151 erd\u0151k, tiszt\u00e1sok, sz\u00e9lek, s\u00f6v\u00e9nyek, utak \u00e9s talajtakar\u00f3k tervez\u00e9s\u00e9hez<br \/>\n\u2705 Gyakorlati l\u00e9p\u00e9sek a f\u00fcves ter\u00fclet erd\u0151kertt\u00e9 alak\u00edt\u00e1s\u00e1hoz. A talaj \u00e9s a t\u00e1j el\u0151k\u00e9sz\u00edt\u00e9se<br \/>\n\u2705 Fajok kiv\u00e1laszt\u00e1sa a funkci\u00f3k alapj\u00e1n<br \/>\n\u2705 Az \u00fcltet\u00e9s gyakorlati tervez\u00e9se<br \/>\n\u2705 Mulcsoz\u00e1si lehet\u0151s\u00e9gek \u00e9s szezon\u00e1lis karbantart\u00e1si feladatok<\/p>\n<p>Oktat\u00e1s nyelve: angol, magyar ford\u00edt\u00e1ssal<br \/>\n___________________________________________________________________________________________________________________________________<\/p>\n<p>Permaculture Food Forest course -6-8 Oct.2023- Ter\u00e9ny, Hungary<br \/>\nJoin us for a 3-day workshop on designing, implementing, and maintaining a food forest \/ forest garden.<\/p>\n<p>\u2705 What are you going to learn?<br \/>\n\u2705 Principles of natural forests and their growth layers<br \/>\n\u2705 Dynamics of succession and how to hack it for stabile growth<br \/>\n\u2705 What are the benefits of forest gardening<br \/>\n\u2705 Design principles for food forest, clearings, edges, hedges, paths and ground covers<br \/>\n\u2705 Practical steps to convert grass into food forest. Soil and landscape preparation<br \/>\n\u2705 Species selection on the basis of functions<br \/>\n\u2705 Practical planning of plantation<br \/>\n\u2705 Mulching options and seasonal maintenance tasks<\/p>\n<p>The course will be taught in English with Hungarian translation.<\/p>","protected":false},"featured_media":100004180,"comment_status":"open","ping_status":"closed","template":"","meta":{"_bbp_topic_count":0,"_bbp_reply_count":0,"_bbp_total_topic_count":0,"_bbp_total_reply_count":0,"_bbp_voice_count":0,"_bbp_anonymous_reply_count":0,"_bbp_topic_count_hidden":0,"_bbp_reply_count_hidden":0,"_bbp_forum_subforum_count":0},"product_brand":[],"product_cat":[262],"product_tag":[],"class_list":{"0":"post-100004179","1":"product","2":"type-product","3":"status-publish","4":"has-post-thumbnail","6":"product_cat-oktatas","8":"first","9":"outofstock","10":"shipping-taxable","11":"purchasable","12":"product-type-simple"},"_links":{"self":[{"href":"https:\/\/most.permaculture.hu\/en\/wp-json\/wp\/v2\/product\/100004179","targetHints":{"allow":["GET"]}}],"collection":[{"href":"https:\/\/most.permaculture.hu\/en\/wp-json\/wp\/v2\/product"}],"about":[{"href":"https:\/\/most.permaculture.hu\/en\/wp-json\/wp\/v2\/types\/product"}],"replies":[{"embeddable":true,"href":"https:\/\/most.permaculture.hu\/en\/wp-json\/wp\/v2\/comments?post=100004179"}],"wp:featuredmedia":[{"embeddable":true,"href":"https:\/\/most.permaculture.hu\/en\/wp-json\/wp\/v2\/media\/100004180"}],"wp:attachment":[{"href":"https:\/\/most.permaculture.hu\/en\/wp-json\/wp\/v2\/media?parent=100004179"}],"wp:term":[{"taxonomy":"product_brand","embeddable":true,"href":"https:\/\/most.permaculture.hu\/en\/wp-json\/wp\/v2\/product_brand?post=100004179"},{"taxonomy":"product_cat","embeddable":true,"href":"https:\/\/most.permaculture.hu\/en\/wp-json\/wp\/v2\/product_cat?post=100004179"},{"taxonomy":"product_tag","embeddable":true,"href":"https:\/\/most.permaculture.hu\/en\/wp-json\/wp\/v2\/product_tag?post=100004179"}],"curies":[{"name":"wp","href":"https:\/\/api.w.org\/{rel}","templated":true}]}}