{"id":100004176,"date":"2023-08-24T11:55:05","date_gmt":"2023-08-24T10:55:05","guid":{"rendered":"https:\/\/most.permaculture.hu\/?post_type=product&#038;p=100004176"},"modified":"2025-02-05T16:45:37","modified_gmt":"2025-02-05T15:45:37","slug":"geoff-lawton-earthworks","status":"publish","type":"product","link":"https:\/\/most.permaculture.hu\/en\/product\/geoff-lawton-earthworks\/","title":{"rendered":"Geoff Lawton &#8211; Earthworks and Water Harvesting Workshop &#8211; T\u00e1jregener\u00e1l\u00e1s"},"content":{"rendered":"<p>(Please find the English description below.)<\/p>\n<p>Mit fogsz tanulni?<\/p>\n<p>A tanfolyamon megtanulod a permakult\u00fara f\u00f6ldmunka elm\u00e9let\u00e9t \u00e9s gyakorlat\u00e1t. Ami kiterjed a helysz\u00edni tervez\u00e9si ismeretekre, f\u00f6ldmunkag\u00e9pek felm\u00e9r\u00e9s\u00e9re \u00e9s ir\u00e1ny\u00edt\u00e1s\u00e1ra, tavak, g\u00e1tak, \u00f6v\u00e1rkok, v\u00edzelvezet\u0151 lefoly\u00f3k, padok \u00e9s teraszok, bek\u00f6t\u0151utak \u00e9s keresztez\u0151 cs\u00f6vek l\u00e9tes\u00edt\u00e9s\u00e9re, valamint arra, hogyan telep\u00edts\u00fck be n\u00f6v\u00e9nyekkel, hogy a legjobb eredm\u00e9nyt kapjuk.<\/p>\n<p>\u2705 Hogyan olvassuk a t\u00e1jat, haszn\u00e1ljunk f\u00f6ldm\u00e9r\u0151 eszk\u00f6z\u00f6ket \u00e9s \u00e9rtelmezz\u00fck a szintvonalas t\u00e9rk\u00e9peket?<br \/>\n\u2705 Hogyan helyezz\u00fck el az elemeket a terven \u00e9s hogyan azonos\u00edthatjuk a t\u00e1j kulcspontjait?<br \/>\n\u2705 Milyen szersz\u00e1mokra \u00e9s g\u00e9pekre van sz\u00fcks\u00e9g\u00fcnk \u00e9s hogyan ir\u00e1ny\u00edtjuk a f\u00f6ldmunkag\u00e9peket?<br \/>\n\u2705 Biztons\u00e1gi \u00f3vint\u00e9zked\u00e9sek \u00e9s bev\u00e1lt gyakorlatok neh\u00e9zg\u00e9pekkel, amit a f\u00f6ld mozgat\u00e1sn\u00e1l figyelembe vesz\u00fcnk<br \/>\n\u2705 Hogyan alkalmazzuk a f\u00f6ldmunk\u00e1kat a v\u00edz sz\u00e9tter\u00edt\u00e9s\u00e9re, csatorn\u00e1z\u00e1s\u00e1ra \u00e9s megtart\u00e1s\u00e1ra<br \/>\n\u2705 Hogyan stabiliz\u00e1ljuk a talajt<br \/>\n\u2705 Hogyan tervez\u00fcnk \u00e9s \u00e9p\u00edt\u00fcnk megfelel\u0151 \u00f6v\u00e1rkokat, g\u00e1takat \u00e9s m\u00e1s v\u00edzmegtart\u00f3 funkci\u00f3kat?<br \/>\n\u2705 Hogyan v\u00e1lasszuk ki a megfelel\u0151 v\u00edzmegtart\u00f3 m\u00f3dszert, p\u00e9ld\u00e1ul tavakat \u00e9s g\u00e1takat a terepviszonyok alapj\u00e1n?<br \/>\n\u2705 Hogyan v\u00e1lasszunk strat\u00e9gi\u00e1t az er\u00f3zi\u00f3 megf\u00e9kez\u00e9s\u00e9hez \u00e9s a lejt\u0151 stabiliz\u00e1l\u00e1s\u00e1hoz?<br \/>\n\u2705 Hogyan lehet v\u00e1ltozatos \u00e9s ellen\u00e1ll\u00f3 t\u00e1jakat l\u00e9trehozni, amelyek t\u00e1mogatj\u00e1k a biodiverzit\u00e1st \u00e9s a fenntarthat\u00f3 \u00e9lelmiszertermel\u00e9st?<\/p>\n<p>Kinek aj\u00e1nljuk ezt a workshopot?<\/p>\n<p>V\u00e1roslak\u00f3knak, akik \u00e9rdekl\u0151dnek a permakult\u00fara v\u00e1rosi alkalmaz\u00e1sa ir\u00e1nt.<br \/>\nPermakult\u00fara tervez\u0151k, akik \u00e9rdekl\u0151dnek a permakult\u00fara technik\u00e1k \u00e9s strat\u00e9gi\u00e1k v\u00e1rosi k\u00f6rnyezetbe integr\u00e1l\u00e1sa ir\u00e1nt<br \/>\nKerttervez\u0151k \u00e9s t\u00e1j\u00e9p\u00edt\u00e9szek, akik szeretn\u00e9nek fenntarthat\u00f3bb \u00e9s term\u00e9kenyebb v\u00e1rosi kerteket letrehozni a permakult\u00fara alapelvei szerint<br \/>\nB\u00e1rki, aki szeretne v\u00e1ltoztatni v\u00e1rosi \u00e9letm\u00f3dj\u00e1n.<\/p>\n<p>___________________________________________________________________________________________________________________________________<\/p>\n<p>What are you going to learn?<br \/>\nThis course will teach the theory and practice of Permaculture Earthworks. We cover on-site design skills, surveying and directing earthmoving machines to establish ponds and dams, swales, drains, benches, terraces, access roads, and crossing pipes, and how to plant up afterward, so you get the best result.<\/p>\n<p>\u2705 How to read a site, use surveying tools and interpret contour maps<br \/>\n\u2705 Where to place elements in a design and how to identify the crucial points in a landscape<br \/>\n\u2705 What tools and machinery are needed and how to direct earthmoving machines<br \/>\n\u2705 Safety precautions and best practices for working with heavy machinery and moving earth to take into account.<br \/>\n\u2705 How to apply earthworks to soak, drain and hold water<br \/>\n\u2705 How to stabilize soil<br \/>\n\u2705 How to properly design and construct swales, berms, and other water-harvesting features.<br \/>\n\u2705 How to choose the appropriate water storage methods, such as ponds and dams, based on the terrain.<br \/>\n\u2705 How to select strategies for erosion control and slope stabilization.<br \/>\n\u2705 How to create diverse and resilient landscapes that support biodiversity and sustainable food production.<\/p>\n<p>Who should attend?<\/p>\n<p>Anyone with an interest in permaculture earthworks, whether you are looking to implement them on your property, large landscapes or embark on a career as a consultant.<br \/>\nDesigners who wish to learn effective techniques to enhance their understanding of earthworks.<br \/>\nAnyone who is eager to understand the basic terminology for earthworks and soil water management and learn how to operate and direct earthmovers.<\/p>","protected":false},"excerpt":{"rendered":"<p>(Please find the English description below.)<\/p>\n<p>F\u00f6ldmunka \u00e9s v\u00edzmegtart\u00e1s tanfolyam -2023.szeptember 27.-okt\u00f3ber 1.- Ter\u00e9ny<\/p>\n<p>Csatlakozz hozz\u00e1nk \u00f6tnapos tanfolyamunkra, ahol megismerheted a k\u00fcl\u00f6nb\u00f6z\u0151 f\u00f6ldmunk\u00e1kat elm\u00e9letben \u00e9s gyakorlatban, bele\u00e9rtve tavak, g\u00e1tak \u00e9p\u00edt\u00e9s\u00e9t, gabion er\u00f3zi\u00f3 helyre\u00e1ll\u00edt\u00e1s\u00e1t \u00e9s agroerd\u00e9szeti talaj el\u0151k\u00e9sz\u00edt\u00e9st.<\/p>\n<p>A permakult\u00far\u00e1ban a f\u00f6ldmunka a talaj mozgat\u00e1s\u00e1val a v\u00edz megtart\u00e1s\u00e1r\u00f3l sz\u00f3l \u00e9s az v\u00edzfoly\u00e1s alak\u00edt\u00e1s\u00e1r\u00f3l, ahogy sz\u00e9tter\u00fcl egy ter\u00fcleten, hasznosabb\u00e1, \u00e9rt\u00e9kesebb\u00e9 \u00e9s term\u00e9kenyebb\u00e9 t\u00e9ve a f\u00f6ldet. Megtartjuk a vizet, lelass\u00edtjuk, meg\u00e1ll\u00edtjuk, sz\u00e9tter\u00edtj\u00fck \u00e9s \u00e1titatjuk vele a t\u00e1jat, \u00fcgyelve arra, hogy hidrat\u00e1ljuk \u00e9s stabiliz\u00e1ljuk a talajt, az asz\u00e1lyok \u00e9s az \u00e1rvizek enyh\u00edt\u00e9se \u00e9rdek\u00e9ben.<\/p>\n<p>Oktat\u00e1s nyelve: angol, magyar ford\u00edt\u00e1ssal<\/p>\n<p>__________________________________________________________________________________________________________________________________<\/p>\n<p>Earthworks and Water Harvesting Workshop with Geoff Lawton -27.Sep &#8211; 1.Oct 2023- Ter\u00e9ny,Hungary<br \/>\nJoin us for 5-day workshop to learn about various earthworks construction including restoration of lakes, dams, gabion erosion and agroforestry soil preparation.<\/p>\n<p>Permaculture Earthworks is about moving soil to capture water and shape its flow as it moves through a landscape, making the land more useful, valuable, and productive. We take water, slow it, stop it, spread it, and soak it through a landscape making sure we hydrate and stabilize the soil to also mitigate droughts and floods.<\/p>\n<p>The course will be taught in English with Hungarian translation.<\/p>","protected":false},"featured_media":100004177,"comment_status":"open","ping_status":"closed","template":"","meta":{"_bbp_topic_count":0,"_bbp_reply_count":0,"_bbp_total_topic_count":0,"_bbp_total_reply_count":0,"_bbp_voice_count":0,"_bbp_anonymous_reply_count":0,"_bbp_topic_count_hidden":0,"_bbp_reply_count_hidden":0,"_bbp_forum_subforum_count":0},"product_brand":[],"product_cat":[262],"product_tag":[],"class_list":{"0":"post-100004176","1":"product","2":"type-product","3":"status-publish","4":"has-post-thumbnail","6":"product_cat-oktatas","8":"first","9":"outofstock","10":"shipping-taxable","11":"purchasable","12":"product-type-simple"},"_links":{"self":[{"href":"https:\/\/most.permaculture.hu\/en\/wp-json\/wp\/v2\/product\/100004176","targetHints":{"allow":["GET"]}}],"collection":[{"href":"https:\/\/most.permaculture.hu\/en\/wp-json\/wp\/v2\/product"}],"about":[{"href":"https:\/\/most.permaculture.hu\/en\/wp-json\/wp\/v2\/types\/product"}],"replies":[{"embeddable":true,"href":"https:\/\/most.permaculture.hu\/en\/wp-json\/wp\/v2\/comments?post=100004176"}],"wp:featuredmedia":[{"embeddable":true,"href":"https:\/\/most.permaculture.hu\/en\/wp-json\/wp\/v2\/media\/100004177"}],"wp:attachment":[{"href":"https:\/\/most.permaculture.hu\/en\/wp-json\/wp\/v2\/media?parent=100004176"}],"wp:term":[{"taxonomy":"product_brand","embeddable":true,"href":"https:\/\/most.permaculture.hu\/en\/wp-json\/wp\/v2\/product_brand?post=100004176"},{"taxonomy":"product_cat","embeddable":true,"href":"https:\/\/most.permaculture.hu\/en\/wp-json\/wp\/v2\/product_cat?post=100004176"},{"taxonomy":"product_tag","embeddable":true,"href":"https:\/\/most.permaculture.hu\/en\/wp-json\/wp\/v2\/product_tag?post=100004176"}],"curies":[{"name":"wp","href":"https:\/\/api.w.org\/{rel}","templated":true}]}}