{"id":100003732,"date":"2022-12-16T11:00:41","date_gmt":"2022-12-16T10:00:41","guid":{"rendered":"https:\/\/most.permaculture.hu\/?post_type=product&#038;p=100003732"},"modified":"2024-04-28T10:54:09","modified_gmt":"2024-04-28T09:54:09","slug":"pdc-2024-csaladi","status":"publish","type":"product","link":"https:\/\/most.permaculture.hu\/en\/product\/pdc-2024-csaladi\/","title":{"rendered":"PDC 2024 &#8211; Csal\u00e1di kedvezm\u00e9ny"},"content":{"rendered":"","protected":false},"excerpt":{"rendered":"<div class=\"row\">\n<div class=\"col-12\">\n<div class=\"section-title-header text-center\">\n<p>Csal\u00e1dtagjaiddal egy\u00fctt szeretn\u00e9tek r\u00e9szt venni? Akkor ez a 10% kedvezm\u00e9ny nektek sz\u00f3l.<br \/>\nK\u00e9r\u00fcnk k\u00fcldd el egy emailben a hello@permaculture.hu-ra a r\u00e9sztvev\u0151k neveit \u00e9s az email c\u00edmeiket.<\/p>\n<p>Az akkredit\u00e1lt PDC tanfolyam bizony\u00edtv\u00e1nyt ny\u00fajt a permakult\u00fara alapk\u00e9pz\u00e9sr\u0151l, amely 72 elm\u00e9leti \u00f3r\u00e1b\u00f3l \u00e1ll, melyet gyakorlati \u00f3r\u00e1k eg\u00e9sz\u00edtenek ki. Az oktat\u00f3k jelent\u0151s tervez\u00e9si \u00e9s oktat\u00e1si gyakorlattal rendelkeznek, k\u00e9pzett \u00e9s elismert szakemberek a permakult\u00fara ter\u00fclet\u00e9n. A tanfolyam \u00e1ltal\u00e1nos k\u00e9pet ad a permakult\u00far\u00e1r\u00f3l, annak eredet\u00e9r\u0151l, alapelveir\u0151l, aktu\u00e1lis k\u00e9rd\u00e9seir\u0151l \u00e9s gyakorlati alkalmaz\u00e1s\u00e1r\u00f3l. Ismereteket ny\u00fajt az \u00f6kol\u00f3gia, a talajtan \u00e9s a v\u00edzgazd\u00e1lkod\u00e1s ter\u00fclet\u00e9r\u0151l, illetve m\u00f3dszertani tud\u00e1st ad a helysz\u00edni elemz\u00e9s \u00e9s \u00e9rt\u00e9kel\u00e9s, a ter\u00fclet-felm\u00e9r\u00e9s, illetve az \u00e9vel\u0151 n\u00f6v\u00e9nyekre alapoz\u00f3 \u00e9lelmiszer-termel\u00e9si rendszerek t\u00e9mak\u00f6r\u00e9b\u0151l.<\/p>\n<\/div>\n<\/div>\n<\/div>","protected":false},"featured_media":100004314,"comment_status":"open","ping_status":"closed","template":"","meta":{"_bbp_topic_count":0,"_bbp_reply_count":0,"_bbp_total_topic_count":0,"_bbp_total_reply_count":0,"_bbp_voice_count":0,"_bbp_anonymous_reply_count":0,"_bbp_topic_count_hidden":0,"_bbp_reply_count_hidden":0,"_bbp_forum_subforum_count":0},"product_brand":[],"product_cat":[262],"product_tag":[],"class_list":{"0":"post-100003732","1":"product","2":"type-product","3":"status-publish","4":"has-post-thumbnail","6":"product_cat-oktatas","8":"first","9":"outofstock","10":"shipping-taxable","11":"purchasable","12":"product-type-simple"},"_links":{"self":[{"href":"https:\/\/most.permaculture.hu\/en\/wp-json\/wp\/v2\/product\/100003732","targetHints":{"allow":["GET"]}}],"collection":[{"href":"https:\/\/most.permaculture.hu\/en\/wp-json\/wp\/v2\/product"}],"about":[{"href":"https:\/\/most.permaculture.hu\/en\/wp-json\/wp\/v2\/types\/product"}],"replies":[{"embeddable":true,"href":"https:\/\/most.permaculture.hu\/en\/wp-json\/wp\/v2\/comments?post=100003732"}],"wp:featuredmedia":[{"embeddable":true,"href":"https:\/\/most.permaculture.hu\/en\/wp-json\/wp\/v2\/media\/100004314"}],"wp:attachment":[{"href":"https:\/\/most.permaculture.hu\/en\/wp-json\/wp\/v2\/media?parent=100003732"}],"wp:term":[{"taxonomy":"product_brand","embeddable":true,"href":"https:\/\/most.permaculture.hu\/en\/wp-json\/wp\/v2\/product_brand?post=100003732"},{"taxonomy":"product_cat","embeddable":true,"href":"https:\/\/most.permaculture.hu\/en\/wp-json\/wp\/v2\/product_cat?post=100003732"},{"taxonomy":"product_tag","embeddable":true,"href":"https:\/\/most.permaculture.hu\/en\/wp-json\/wp\/v2\/product_tag?post=100003732"}],"curies":[{"name":"wp","href":"https:\/\/api.w.org\/{rel}","templated":true}]}}