{"id":100003242,"date":"2024-05-17T16:24:29","date_gmt":"2024-05-17T15:24:29","guid":{"rendered":"https:\/\/most.permaculture.hu\/?post_type=product&#038;p=100003242"},"modified":"2024-05-17T16:24:29","modified_gmt":"2024-05-17T15:24:29","slug":"metelo-petrezselyem","status":"publish","type":"product","link":"https:\/\/most.permaculture.hu\/en\/product\/metelo-petrezselyem\/","title":{"rendered":"Met\u00e9l\u0151 petrezselyem"},"content":{"rendered":"<table width=\"800\">\n<tbody>\n<tr>\n<td>K\u00d6ZNAPI N\u00c9V<\/td>\n<td>Metelo petrezselyem<\/td>\n<\/tr>\n<tr>\n<td>LATIN N\u00c9V<\/td>\n<td>Petroselinum crispum<\/td>\n<\/tr>\n<tr>\n<td>CSAL\u00c1D<\/td>\n<td>Apiaceae<\/td>\n<\/tr>\n<tr>\n<td>NEMZETS\u00c9G<\/td>\n<td>Petroselinum<\/td>\n<\/tr>\n<tr>\n<td>KEM\u00c9NYS\u00c9G<\/td>\n<td>K\u00e9tny\u00e1ri<\/td>\n<\/tr>\n<tr>\n<td>&nbsp;<\/p>\n<p>VIR\u00c1G<\/td>\n<td>Kr\u00e9mszinu, ny\u00e1ron<\/td>\n<\/tr>\n<tr>\n<td>MAGASS\u00c1G<\/td>\n<td>30-40cm<\/td>\n<\/tr>\n<tr>\n<td>&nbsp;<\/p>\n<p>POZ\u00cdCI\u00d3<\/td>\n<td>Napos helyen, n\u00e9mi \u00e1rny\u00e9kkal<\/td>\n<\/tr>\n<tr>\n<td>CS\u00cdR\u00c1Z\u00c1S<\/td>\n<td>7-10 nap<\/td>\n<\/tr>\n<tr>\n<td>&nbsp;<\/p>\n<p>TALAJ<\/td>\n<td>Nedves, gazdag<\/td>\n<\/tr>\n<\/tbody>\n<\/table>","protected":false},"excerpt":{"rendered":"<p>S\u0171r\u0171 \u00e1ll\u00e1s\u00fa, csipk\u00e9zett sz\u00e9l\u0171 levelei\u00e9rt termesztj\u00fck, gy\u00f6keret nem fejleszt.<br \/>\nFelhaszn\u00e1l\u00e1s: sal\u00e1t\u00e1khoz, burgony\u00e1hoz, z\u00f6lds\u00e9gekhez, m\u00e1rt\u00e1sokba \u00e9s d\u00edsz\u00edt\u00e9sre. Ne f\u0151zz\u00fck, csak a k\u00e9sz \u00e9telekhez adjuk.<\/p>\n<p>A gy\u00f3gy\u00e1szatban a petrezselyemtea em\u00e9szt\u00e9st el\u0151seg\u00edt\u0151, v\u00edzhajt\u00f3 hat\u00e1s\u00fa. Seg\u00edt a sz\u00f6vetekben felgy\u00fclemlett folyad\u00e9k kihajt\u00e1s\u00e1ban, valamint csontritkul\u00e1s, \u00edz\u00fcleti gyullad\u00e1s kezel\u00e9s\u00e9ben.<\/p>","protected":false},"featured_media":100003327,"comment_status":"open","ping_status":"closed","template":"","meta":{"_bbp_topic_count":0,"_bbp_reply_count":0,"_bbp_total_topic_count":0,"_bbp_total_reply_count":0,"_bbp_voice_count":0,"_bbp_anonymous_reply_count":0,"_bbp_topic_count_hidden":0,"_bbp_reply_count_hidden":0,"_bbp_forum_subforum_count":0},"product_brand":[],"product_cat":[15,247],"product_tag":[],"class_list":{"0":"post-100003242","1":"product","2":"type-product","3":"status-publish","4":"has-post-thumbnail","6":"product_cat-egyeb","7":"product_cat-gyogy-es-fuszernovenyek","9":"first","10":"instock","11":"shipping-taxable","12":"purchasable","13":"product-type-simple"},"_links":{"self":[{"href":"https:\/\/most.permaculture.hu\/en\/wp-json\/wp\/v2\/product\/100003242","targetHints":{"allow":["GET"]}}],"collection":[{"href":"https:\/\/most.permaculture.hu\/en\/wp-json\/wp\/v2\/product"}],"about":[{"href":"https:\/\/most.permaculture.hu\/en\/wp-json\/wp\/v2\/types\/product"}],"replies":[{"embeddable":true,"href":"https:\/\/most.permaculture.hu\/en\/wp-json\/wp\/v2\/comments?post=100003242"}],"wp:featuredmedia":[{"embeddable":true,"href":"https:\/\/most.permaculture.hu\/en\/wp-json\/wp\/v2\/media\/100003327"}],"wp:attachment":[{"href":"https:\/\/most.permaculture.hu\/en\/wp-json\/wp\/v2\/media?parent=100003242"}],"wp:term":[{"taxonomy":"product_brand","embeddable":true,"href":"https:\/\/most.permaculture.hu\/en\/wp-json\/wp\/v2\/product_brand?post=100003242"},{"taxonomy":"product_cat","embeddable":true,"href":"https:\/\/most.permaculture.hu\/en\/wp-json\/wp\/v2\/product_cat?post=100003242"},{"taxonomy":"product_tag","embeddable":true,"href":"https:\/\/most.permaculture.hu\/en\/wp-json\/wp\/v2\/product_tag?post=100003242"}],"curies":[{"name":"wp","href":"https:\/\/api.w.org\/{rel}","templated":true}]}}