{"id":100002457,"date":"2021-09-18T14:25:49","date_gmt":"2021-09-18T13:25:49","guid":{"rendered":"https:\/\/most.permaculture.hu\/?post_type=product&#038;p=100002457"},"modified":"2024-01-01T00:00:37","modified_gmt":"2023-12-31T23:00:37","slug":"pdc-permaculture-design-certificate-kepzes","status":"publish","type":"product","link":"https:\/\/most.permaculture.hu\/en\/product\/pdc-permaculture-design-certificate-kepzes\/","title":{"rendered":"PDC 2024 (PERMACULTURE DESIGN CERTIFICATE) K\u00c9PZ\u00c9S"},"content":{"rendered":"<div class=\"row\">\n<div class=\"col-12\">\n<div class=\"section-title-header text-center\">\n<p>Az akkredit\u00e1lt PDC tanfolyam bizony\u00edtv\u00e1nyt ny\u00fajt a permakult\u00fara alapk\u00e9pz\u00e9sr\u0151l, amely 72 elm\u00e9leti \u00f3r\u00e1b\u00f3l \u00e1ll, melyet gyakorlati \u00f3r\u00e1k eg\u00e9sz\u00edtenek ki. Az oktat\u00f3k jelent\u0151s tervez\u00e9si \u00e9s oktat\u00e1si gyakorlattal rendelkeznek, k\u00e9pzett \u00e9s elismert szakemberek a permakult\u00fara ter\u00fclet\u00e9n. A tanfolyam \u00e1ltal\u00e1nos k\u00e9pet ad a permakult\u00far\u00e1r\u00f3l, annak eredet\u00e9r\u0151l, alapelveir\u0151l, aktu\u00e1lis k\u00e9rd\u00e9seir\u0151l \u00e9s gyakorlati alkalmaz\u00e1s\u00e1r\u00f3l. Ismereteket ny\u00fajt az \u00f6kol\u00f3gia, a talajtan \u00e9s a v\u00edzgazd\u00e1lkod\u00e1s ter\u00fclet\u00e9r\u0151l, illetve m\u00f3dszertani tud\u00e1st ad a helysz\u00edni elemz\u00e9s \u00e9s \u00e9rt\u00e9kel\u00e9s, a ter\u00fclet-felm\u00e9r\u00e9s, illetve az \u00e9vel\u0151 n\u00f6v\u00e9nyekre alapoz\u00f3 \u00e9lelmiszer-termel\u00e9si rendszerek t\u00e9mak\u00f6r\u00e9b\u0151l.<\/p>\n<\/div>\n<\/div>\n<\/div>\n<div class=\"row\">\n<div class=\"col-12\">\n<div class=\"section-title-header text-center mt-3\">\n<h4 class=\"wow fadeInUp animated\">Mi a permakult\u00fara?<\/h4>\n<p>A permakult\u00fara egy olyan tervez\u00e9si rendszer, amely megfigyeli a k\u00f6rnyezet\u00fcnkben tal\u00e1lhat\u00f3 mint\u00e1zatokat, \u00e9s lem\u00e1solja \u0151ket. \u00cdgy a term\u00e9szettel egy\u00fcttm\u0171k\u00f6dve fenntarthat\u00f3 \u00e9s regenerat\u00edv \u00e9l\u0151helyeket teremt\u00fcnk mind az ember, mind a t\u00f6bbi \u00e9l\u0151l\u00e9ny sz\u00e1m\u00e1ra. Ezzel a szeml\u00e9letm\u00f3ddal k\u00f6lcs\u00f6n\u00f6sen el\u0151ny\u00f6s kapcsolatokat l\u00e9tes\u00edt\u00fcnk a t\u00e1j, az ember \u00e9s az er\u0151forr\u00e1sok k\u00f6z\u00f6tt. A permakult\u00fara h\u00e1rom f\u0151 etikai elvre t\u00e1maszkodik: viseld gondj\u00e1t a F\u00f6ldnek, t\u00f6r\u0151dj az emberrel, \u00e9s a megtermelt t\u00f6bbletet m\u00e9lt\u00e1nyosan oszd el.<\/p>\n<\/div>\n<\/div>\n<\/div>","protected":false},"excerpt":{"rendered":"<p>Az akkredit\u00e1lt PDC tanfolyam bizony\u00edtv\u00e1nyt ny\u00fajt a permakult\u00fara alapk\u00e9pz\u00e9sr\u0151l, amely 72 elm\u00e9leti \u00f3r\u00e1b\u00f3l \u00e1ll, melyet gyakorlati \u00f3r\u00e1k eg\u00e9sz\u00edtenek ki. Az oktat\u00f3k jelent\u0151s tervez\u00e9si \u00e9s oktat\u00e1si gyakorlattal rendelkeznek, k\u00e9pzett \u00e9s elismert szakemberek a permakult\u00fara ter\u00fclet\u00e9n. A tanfolyam \u00e1ltal\u00e1nos k\u00e9pet ad a permakult\u00far\u00e1r\u00f3l, annak eredet\u00e9r\u0151l, alapelveir\u0151l, aktu\u00e1lis k\u00e9rd\u00e9seir\u0151l \u00e9s gyakorlati alkalmaz\u00e1s\u00e1r\u00f3l. Ismereteket ny\u00fajt az \u00f6kol\u00f3gia, a talajtan [&hellip;]<\/p>\n","protected":false},"featured_media":100004314,"comment_status":"open","ping_status":"closed","template":"","meta":{"_bbp_topic_count":0,"_bbp_reply_count":0,"_bbp_total_topic_count":0,"_bbp_total_reply_count":0,"_bbp_voice_count":0,"_bbp_anonymous_reply_count":0,"_bbp_topic_count_hidden":0,"_bbp_reply_count_hidden":0,"_bbp_forum_subforum_count":0},"product_brand":[],"product_cat":[262],"product_tag":[],"class_list":{"0":"post-100002457","1":"product","2":"type-product","3":"status-publish","4":"has-post-thumbnail","6":"product_cat-oktatas","8":"first","9":"instock","10":"virtual","11":"purchasable","12":"product-type-simple"},"_links":{"self":[{"href":"https:\/\/most.permaculture.hu\/en\/wp-json\/wp\/v2\/product\/100002457","targetHints":{"allow":["GET"]}}],"collection":[{"href":"https:\/\/most.permaculture.hu\/en\/wp-json\/wp\/v2\/product"}],"about":[{"href":"https:\/\/most.permaculture.hu\/en\/wp-json\/wp\/v2\/types\/product"}],"replies":[{"embeddable":true,"href":"https:\/\/most.permaculture.hu\/en\/wp-json\/wp\/v2\/comments?post=100002457"}],"wp:featuredmedia":[{"embeddable":true,"href":"https:\/\/most.permaculture.hu\/en\/wp-json\/wp\/v2\/media\/100004314"}],"wp:attachment":[{"href":"https:\/\/most.permaculture.hu\/en\/wp-json\/wp\/v2\/media?parent=100002457"}],"wp:term":[{"taxonomy":"product_brand","embeddable":true,"href":"https:\/\/most.permaculture.hu\/en\/wp-json\/wp\/v2\/product_brand?post=100002457"},{"taxonomy":"product_cat","embeddable":true,"href":"https:\/\/most.permaculture.hu\/en\/wp-json\/wp\/v2\/product_cat?post=100002457"},{"taxonomy":"product_tag","embeddable":true,"href":"https:\/\/most.permaculture.hu\/en\/wp-json\/wp\/v2\/product_tag?post=100002457"}],"curies":[{"name":"wp","href":"https:\/\/api.w.org\/{rel}","templated":true}]}}