{"id":100004481,"date":"2024-03-12T18:58:40","date_gmt":"2024-03-12T17:58:40","guid":{"rendered":"https:\/\/most.permaculture.hu\/?page_id=100004481"},"modified":"2024-03-12T18:58:42","modified_gmt":"2024-03-12T17:58:42","slug":"global-internship-cancellation-policy","status":"publish","type":"page","link":"https:\/\/most.permaculture.hu\/en\/global-internship-cancellation-policy\/","title":{"rendered":"Global Internship Cancellation Policy"},"content":{"rendered":"<p><\/p>\n\n\n\n<p><\/p>\n\n\n\n<p><strong>\u27a1\ufe0f 30 days before the start of the internship<\/strong><\/p>\n\n\n\n<p>Deposit is non-refundable but can be used towards a future course in Hungary.<\/p>\n\n\n\n<p>The remaining balance will be fully refunded minus a EUR50 administration fee.<\/p>\n\n\n\n<p><strong>\u27a1\ufe0f 14\u201330 days before the start of the internship <\/strong><\/p>\n\n\n\n<p>Deposit is not refundable.<\/p>\n\n\n\n<p>The remaining balance minus a EUR50 administration fee can be used towards a future<\/p>\n\n\n\n<p><strong>\u27a1\ufe0f Less than 14 days before the start of the internship<\/strong><\/p>\n\n\n\n<p>Deposit is not refundable.<\/p>\n\n\n\n<p>Remaining balance is not refundable.<\/p>\n\n\n\n<p>Credits must be used within 18 months of their issue.<\/p>","protected":false},"excerpt":{"rendered":"<p>\u27a1\ufe0f 30 nappal a szakmai gyakorlat kezdete el\u0151tt Az el\u0151leg nem visszat\u00e9r\u00edthet\u0151, de lev\u00e1s\u00e1rolhat\u00f3 a k\u00e9s\u0151bbiekben indul\u00f3 magyarorsz\u00e1gi k\u00e9pz\u00e9seinken. A v\u00e1s\u00e1rl\u00e1s ut\u00e1n fennmarad\u00f3 egyenleget visszat\u00e9r\u00edtj\u00fck egy 50 eur\u00f3s adminisztr\u00e1ci\u00f3s k\u00f6lts\u00e9g levon\u00e1sa ut\u00e1n. \u27a1\ufe0f 14\u201330 nappal a szakmai gyakorlat kezdete el\u0151tt Az el\u0151leg nem visszat\u00e9r\u00edthet\u0151. A fennmarad\u00f3 egyenleg egy 50 eur\u00f3s adminisztr\u00e1ci\u00f3s k\u00f6lts\u00e9g levon\u00e1sa ut\u00e1n felhaszn\u00e1lhat\u00f3 [&hellip;]<\/p>\n","protected":false},"author":144,"featured_media":0,"parent":0,"menu_order":0,"comment_status":"closed","ping_status":"closed","template":"","meta":{"_bbp_topic_count":0,"_bbp_reply_count":0,"_bbp_total_topic_count":0,"_bbp_total_reply_count":0,"_bbp_voice_count":0,"_bbp_anonymous_reply_count":0,"_bbp_topic_count_hidden":0,"_bbp_reply_count_hidden":0,"_bbp_forum_subforum_count":0,"footnotes":""},"class_list":["post-100004481","page","type-page","status-publish"],"_links":{"self":[{"href":"https:\/\/most.permaculture.hu\/en\/wp-json\/wp\/v2\/pages\/100004481","targetHints":{"allow":["GET"]}}],"collection":[{"href":"https:\/\/most.permaculture.hu\/en\/wp-json\/wp\/v2\/pages"}],"about":[{"href":"https:\/\/most.permaculture.hu\/en\/wp-json\/wp\/v2\/types\/page"}],"author":[{"embeddable":true,"href":"https:\/\/most.permaculture.hu\/en\/wp-json\/wp\/v2\/users\/144"}],"replies":[{"embeddable":true,"href":"https:\/\/most.permaculture.hu\/en\/wp-json\/wp\/v2\/comments?post=100004481"}],"version-history":[{"count":0,"href":"https:\/\/most.permaculture.hu\/en\/wp-json\/wp\/v2\/pages\/100004481\/revisions"}],"wp:attachment":[{"href":"https:\/\/most.permaculture.hu\/en\/wp-json\/wp\/v2\/media?parent=100004481"}],"curies":[{"name":"wp","href":"https:\/\/api.w.org\/{rel}","templated":true}]}}