{"id":100003832,"date":"2023-02-19T12:03:38","date_gmt":"2023-02-19T11:03:38","guid":{"rendered":"https:\/\/most.permaculture.hu\/?page_id=100003832"},"modified":"2025-02-05T14:54:54","modified_gmt":"2025-02-05T13:54:54","slug":"csoporttarskereso-2023","status":"publish","type":"page","link":"https:\/\/most.permaculture.hu\/en\/csoporttarskereso-2023\/","title":{"rendered":"Csoportt\u00e1rskeres\u0151 2023"},"content":{"rendered":"<div class=\"learndash-wrapper\">\n\t<div\n\t\tclass=\"ld-alert ld-alert-warning\"\n\t\t\t\t\trole=\"status\"\n\t\t\t>\n\t\t<div class=\"ld-alert-content\">\n\n\t\t\t\t\t\t\t<div aria-hidden=\"true\" class=\"ld-alert-icon ld-icon ld-icon-alert\">\n\t\t\t\t\t\t\t\t\t<\/div>\n\t\t\t\t\t\t\t<div class=\"ld-alert-messages\">\n\t\t\tEz az oldal v\u00e9dett \u00e9s csoport hozz\u00e1f\u00e9r\u00e9s sz\u00fcks\u00e9ges hozz\u00e1\t\t\t<\/div>\n\t\t\t\t\t<\/div>\n\n\t\t\t\t\t<a class=\"ld-button learndash-link-previous-incomplete learndash-group-membership-link\" href=\"https:\/\/most.permaculture.hu\/en\/tanfolyamok\/pdc-2023\/\" >\n\t\t\t\t\t\t\t\tView Tanfolyam\t\t\t<\/a>\n\t\t\t\t<\/div>\n\n\t<\/div>","protected":false},"excerpt":{"rendered":"<p>Ez az oldal v\u00e9dett \u00e9s csoport hozz\u00e1f\u00e9r\u00e9s sz\u00fcks\u00e9ges hozz\u00e1 View Tanfolyam<\/p>","protected":false},"author":1,"featured_media":0,"parent":0,"menu_order":0,"comment_status":"closed","ping_status":"closed","template":"","meta":{"_bbp_topic_count":0,"_bbp_reply_count":0,"_bbp_total_topic_count":0,"_bbp_total_reply_count":0,"_bbp_voice_count":0,"_bbp_anonymous_reply_count":0,"_bbp_topic_count_hidden":0,"_bbp_reply_count_hidden":0,"_bbp_forum_subforum_count":0,"footnotes":""},"class_list":["post-100003832","page","type-page","status-publish"],"_links":{"self":[{"href":"https:\/\/most.permaculture.hu\/en\/wp-json\/wp\/v2\/pages\/100003832","targetHints":{"allow":["GET"]}}],"collection":[{"href":"https:\/\/most.permaculture.hu\/en\/wp-json\/wp\/v2\/pages"}],"about":[{"href":"https:\/\/most.permaculture.hu\/en\/wp-json\/wp\/v2\/types\/page"}],"author":[{"embeddable":true,"href":"https:\/\/most.permaculture.hu\/en\/wp-json\/wp\/v2\/users\/1"}],"replies":[{"embeddable":true,"href":"https:\/\/most.permaculture.hu\/en\/wp-json\/wp\/v2\/comments?post=100003832"}],"version-history":[{"count":0,"href":"https:\/\/most.permaculture.hu\/en\/wp-json\/wp\/v2\/pages\/100003832\/revisions"}],"wp:attachment":[{"href":"https:\/\/most.permaculture.hu\/en\/wp-json\/wp\/v2\/media?parent=100003832"}],"curies":[{"name":"wp","href":"https:\/\/api.w.org\/{rel}","templated":true}]}}