{"id":100002538,"date":"2022-02-07T10:54:36","date_gmt":"2022-02-07T09:54:36","guid":{"rendered":"https:\/\/most.permaculture.hu\/2022\/02\/07\/login\/"},"modified":"2025-04-02T18:31:44","modified_gmt":"2025-04-02T17:31:44","slug":"belepes","status":"publish","type":"page","link":"https:\/\/most.permaculture.hu\/en\/belepes\/","title":{"rendered":"Bejelentkez\u00e9s"},"content":{"rendered":"<p>Ha a bel\u00e9p\u00e9s nem m\u0171k\u00f6dne, <a href=\"\/wp-login.php\" data-type=\"link\" data-id=\"\/wp-login.php\">kattints ide \u00e9s jelenzkezz be az alternat\u00edv oldalon<\/a>!<\/p>\n\n\n\n<p><\/p>","protected":false},"excerpt":{"rendered":"<p>Ha a bel\u00e9p\u00e9s nem m\u0171k\u00f6dne, kattints ide \u00e9s jelenzkezz be az alternat\u00edv oldalon!<\/p>","protected":false},"author":1,"featured_media":0,"parent":0,"menu_order":0,"comment_status":"closed","ping_status":"closed","template":"","meta":{"_bbp_topic_count":0,"_bbp_reply_count":0,"_bbp_total_topic_count":0,"_bbp_total_reply_count":0,"_bbp_voice_count":0,"_bbp_anonymous_reply_count":0,"_bbp_topic_count_hidden":0,"_bbp_reply_count_hidden":0,"_bbp_forum_subforum_count":0,"footnotes":""},"class_list":["post-100002538","page","type-page","status-publish"],"_links":{"self":[{"href":"https:\/\/most.permaculture.hu\/en\/wp-json\/wp\/v2\/pages\/100002538","targetHints":{"allow":["GET"]}}],"collection":[{"href":"https:\/\/most.permaculture.hu\/en\/wp-json\/wp\/v2\/pages"}],"about":[{"href":"https:\/\/most.permaculture.hu\/en\/wp-json\/wp\/v2\/types\/page"}],"author":[{"embeddable":true,"href":"https:\/\/most.permaculture.hu\/en\/wp-json\/wp\/v2\/users\/1"}],"replies":[{"embeddable":true,"href":"https:\/\/most.permaculture.hu\/en\/wp-json\/wp\/v2\/comments?post=100002538"}],"version-history":[{"count":0,"href":"https:\/\/most.permaculture.hu\/en\/wp-json\/wp\/v2\/pages\/100002538\/revisions"}],"wp:attachment":[{"href":"https:\/\/most.permaculture.hu\/en\/wp-json\/wp\/v2\/media?parent=100002538"}],"curies":[{"name":"wp","href":"https:\/\/api.w.org\/{rel}","templated":true}]}}