{"id":100000569,"date":"2021-02-17T08:32:34","date_gmt":"2021-02-17T07:32:34","guid":{"rendered":"http:\/\/most.permaculture.hu\/?page_id=100000569"},"modified":"2022-03-03T19:02:50","modified_gmt":"2022-03-03T18:02:50","slug":"adatkezeles-tajekoztato","status":"publish","type":"page","link":"https:\/\/most.permaculture.hu\/en\/adatkezeles-tajekoztato\/","title":{"rendered":"Adatkezel\u00e9si t\u00e1j\u00e9koztat\u00f3"},"content":{"rendered":"<p><strong>ADATKEZEL\u0150<\/strong><\/p>\n\n\n\n<p><strong>1.1.<\/strong>&nbsp;Az adatkezel\u0151&nbsp;<strong>Permaculture Resources Ireland<\/strong>&nbsp;(sz\u00e9khely: Cornucopia Road, Bawnaknockane, Ballydehob, Co. Cork P81, Ireland), tov\u00e1bbiakban:&nbsp;<strong>\u201eAdatkezel\u0151\u201d<\/strong>).<\/p>\n\n\n\n<p><strong>1.2.<\/strong>&nbsp;Az Adatkezel\u0151 a permaculture.hu, pdc.permaculture.hu, weboldalakon, illetve szem\u00e9lyes form\u00e1ban feliratkozott felhaszn\u00e1l\u00f3knak k\u00fcld h\u00edrleveleket a weboldalak tev\u00e9kenys\u00e9gi k\u00f6r\u00e9be tartoz\u00f3 h\u00edrekr\u0151l, cikkeir\u0151l, rendezv\u00e9nyeir\u0151l \u00e9s kiadv\u00e1nyair\u00f3l. Az \u00e9rintettek szem\u00e9lyes adatainak kezel\u00e9s\u00e9t a hat\u00e1lyos jogszab\u00e1lyi el\u0151\u00edr\u00e1sok \u00e9s az \u00fczleti etika szab\u00e1lyainak betart\u00e1s\u00e1val v\u00e9gzi.<\/p>\n\n\n\n<p><strong>GDPR<\/strong><\/p>\n\n\n\n<p><strong>2. AZ ADATKEZEL\u00c9S JOGALAPJA<\/strong><\/p>\n\n\n\n<p><strong>2.1.<\/strong>&nbsp;Az adatkezel\u00e9sre az Infotv. 5. \u00a7 (1) bekezd\u00e9s a) pontja szerint az \u00e9rintett (a tov\u00e1bbiakban:&nbsp;<strong>\u201e\u00c9rintett\u201d<\/strong>) \u00f6nk\u00e9ntes hozz\u00e1j\u00e1rul\u00e1sa alapj\u00e1n, illet\u0151leg az elektronikus kereskedelmi szolg\u00e1ltat\u00e1sok, valamint az inform\u00e1ci\u00f3s t\u00e1rsadalommal \u00f6sszef\u00fcgg\u0151 szolg\u00e1ltat\u00e1sok egyes k\u00e9rd\u00e9seir\u0151l sz\u00f3l\u00f3 2001. \u00e9vi CVIII. t\u00f6rv\u00e9ny alapj\u00e1n ker\u00fcl sor.<\/p>\n\n\n\n<p><strong>2.2.<\/strong>&nbsp;Az \u00c9rintett az Adatkezel\u0151 \u00e1ltal ny\u00fajtott szolg\u00e1ltat\u00e1s ig\u00e9nybe v\u00e9tel\u00e9vel, a regisztr\u00e1ci\u00f3val, az Adatkezel\u0151 honlapj\u00e1nak haszn\u00e1lat\u00e1val, egyes k\u00e9rd\u0151\u00edvek kit\u00f6lt\u00e9s\u00e9vel, a szem\u00e9lyes adatainak \u00f6nk\u00e9ntes k\u00f6zl\u00e9s\u00e9vel adja meg az adatkezel\u00e9shez val\u00f3 hozz\u00e1j\u00e1rul\u00e1st.<\/p>\n\n\n\n<p><strong>2.3.<\/strong>&nbsp;A hozz\u00e1j\u00e1rul\u00e1s kiterjed k\u00fcl\u00f6n\u00f6sen a k\u00f6vetkez\u0151 adatkezel\u00e9si m\u0171veletekre: az adatok gy\u0171jt\u00e9se, felv\u00e9tele, r\u00f6gz\u00edt\u00e9se, rendszerez\u00e9se, t\u00e1rol\u00e1sa, megv\u00e1ltoztat\u00e1sa, felhaszn\u00e1l\u00e1sa, tov\u00e1bb\u00edt\u00e1sa, nyilv\u00e1noss\u00e1gra hozatala, \u00f6sszehangol\u00e1sa vagy \u00f6sszekapcsol\u00e1sa, z\u00e1rol\u00e1sa, t\u00f6rl\u00e9se \u00e9s megsemmis\u00edt\u00e9se.<\/p>\n\n\n\n<p><strong>2.4.<\/strong>&nbsp;A 14. \u00e9let\u00e9v\u00e9t be nem t\u00f6lt\u00f6tt kiskor\u00fa \u00e9s az egy\u00e9bk\u00e9nt cselekv\u0151k\u00e9ptelen \u00c9rintett nev\u00e9ben a t\u00f6rv\u00e9nyes k\u00e9pvisel\u0151 adhat hozz\u00e1j\u00e1rul\u00e1st. A 14. \u00e9let\u00e9vet bet\u00f6lt\u00f6tt, de 16. \u00e9let\u00e9v\u00e9t m\u00e9g be nem t\u00f6lt\u00f6tt kiskor\u00fa, valamint az egy\u00e9bk\u00e9nt korl\u00e1tozottan cselekv\u0151k\u00e9pes \u00c9rintett a t\u00f6rv\u00e9nyes k\u00e9pvisel\u0151j\u00e9nek beleegyez\u00e9s\u00e9vel vagy ut\u00f3lagos j\u00f3v\u00e1hagy\u00e1s\u00e1val adhat hozz\u00e1j\u00e1rul\u00e1st az adatkezel\u00e9shez. A 16. \u00e9let\u00e9v\u00e9t bet\u00f6lt\u00f6tt kiskor\u00fa \u00c9rintett \u00f6n\u00e1ll\u00f3an adhat hozz\u00e1j\u00e1rul\u00e1st, a jognyilatkozata \u00e9rv\u00e9nyess\u00e9g\u00e9hez t\u00f6rv\u00e9nyes k\u00e9pvisel\u0151j\u00e9nek beleegyez\u00e9se vagy ut\u00f3lagos j\u00f3v\u00e1hagy\u00e1sa nem sz\u00fcks\u00e9ges. Az Adatkezel\u0151nek nem \u00e1ll m\u00f3dj\u00e1ban a hozz\u00e1j\u00e1rul\u00f3 szem\u00e9ly jogosults\u00e1g\u00e1t ellen\u0151rizni, illetve a t\u00f6rv\u00e9nyes k\u00e9pvisel\u0151 nyilatkozat\u00e1nak tartalm\u00e1t megismerni, \u00edgy az \u00c9rintett, illetve annak t\u00f6rv\u00e9nyes k\u00e9pvisel\u0151je szavatol az\u00e9rt, hogy a hozz\u00e1j\u00e1rul\u00e1s megfelel a jogszab\u00e1lyoknak. Az Adatkezel\u0151 a szolg\u00e1ltat\u00e1s haszn\u00e1lata eset\u00e9n a t\u00f6rv\u00e9nyes k\u00e9pvisel\u0151 megfelel\u0151 hozz\u00e1j\u00e1rul\u00e1s\u00e1t megadottnak tekinti.<\/p>\n\n\n\n<p><strong>2.5&nbsp;<\/strong>Az adatkezel\u00e9sre vonatkoz\u00f3 hat\u00e1lyos jogszab\u00e1lyok:<\/p>\n\n\n\n<ul class=\"wp-block-list\"><li>2011. \u00e9vi CXII. t\u00f6rv\u00e9ny \u2013 az inform\u00e1ci\u00f3s \u00f6nrendelkez\u00e9si jogr\u00f3l \u00e9s az inform\u00e1ci\u00f3-szabads\u00e1gr\u00f3l (Infotv.);<\/li><li>Az Eur\u00f3pai Parlament \u00e9s a Tan\u00e1cs (EU) 2016\/679 rendelete (2016. \u00e1prilis 27.) \u2013 a term\u00e9szetes szem\u00e9lyeknek a szem\u00e9lyes adatok kezel\u00e9se tekintet\u00e9ben t\u00f6r-t\u00e9n\u0151 v\u00e9delm\u00e9r\u0151l \u00e9s az ilyen adatok szabad \u00e1raml\u00e1s\u00e1r\u00f3l, valamint a 95\/46\/EK rendelet hat\u00e1lyon k\u00edv\u00fcl helyez\u00e9s\u00e9r\u0151l (\u00e1ltal\u00e1nos adatv\u00e9delmi rendelet, GDPR);<\/li><li>2013. \u00e9vi V. t\u00f6rv\u00e9ny \u2013 a Polg\u00e1ri T\u00f6rv\u00e9nyk\u00f6nyvr\u0151l (Ptk.);<\/li><li>2000. \u00e9vi C. t\u00f6rv\u00e9ny \u2013 a sz\u00e1mvitelr\u0151l (Sz\u00e1mv. tv.);<\/li><li>2017. \u00e9vi LIII. t\u00f6rv\u00e9ny \u2013 a p\u00e9nzmos\u00e1s \u00e9s terrorizmus finansz\u00edroz\u00e1sa megel\u0151z\u00e9s\u00e9r\u0151l \u00e9s megakad\u00e1lyoz\u00e1s\u00e1r\u00f3l (Pmt.);<\/li><li>2013. \u00e9vi CCXXXVII. t\u00f6rv\u00e9ny \u2013 a hitelint\u00e9zetekr\u0151l \u00e9s a p\u00e9nz\u00fcgyi v\u00e1llalkoz\u00e1sok-r\u00f3l (Hpt.).<\/li><\/ul>\n\n\n\n<p><strong>3.<\/strong>&nbsp;<strong>AZ ADATKEZEL\u00c9S C\u00c9LJA<\/strong><\/p>\n\n\n\n<p><strong>3.1.<\/strong>&nbsp;Az adatkezel\u00e9s c\u00e9lja az Adatkezel\u0151 szolg\u00e1ltat\u00e1sainak \u00e9s term\u00e9keinek az \u00fcgyfelekkel val\u00f3 megismertet\u00e9se, a permakult\u00fara t\u00e9mak\u00f6r\u00e9ben szeml\u00e9letfejleszt\u0151 h\u00edrlevelek k\u00fcld\u00e9se.<\/p>\n\n\n\n<p><strong>4. Kezelt adatok<\/strong><\/p>\n\n\n\n<p>Kezelt Adatok k\u00f6re<\/p>\n\n\n\n<p><strong>4.1.<\/strong>\u00a0Az Adatkezel\u0151 \u00e1ltal folytatott adatkezel\u00e9s az egyes adatkezel\u00e9si c\u00e9lok eset\u00e9ben az \u00c9rintetteknek az al\u00e1bbiakban felsorolt szem\u00e9lyes adataira terjed ki: Vezet\u00e9kn\u00e9v, Keresztn\u00e9v, Le\u00e1nykori n\u00e9v, E-mail c\u00edm, Lakc\u00edm, Post\u00e1z\u00e1si c\u00edm, Sz\u00e1ml\u00e1z\u00e1si n\u00e9v, Sz\u00e1ml\u00e1z\u00e1si c\u00edm, Nem (f\u00e9rfi\/n\u0151), Sz\u00fclet\u00e9si id\u0151, Telefonsz\u00e1m, \u00c9rdekl\u0151d\u00e9si k\u00f6r, \u00c1llampolg\u00e1rs\u00e1g, \u00c9desanyja neve, Taj sz\u00e1m, Ad\u00f3sz\u00e1m, Legmagasabb iskolai v\u00e9gzetts\u00e9g, Munkajogi st\u00e1tusz.<\/p>\n\n\n\n<p><strong>4.2.<\/strong>&nbsp;Az Adatkezel\u0151 az \u00c9rintettekt\u0151l n\u00e9vtelen\u00fcl tov\u00e1bbi demogr\u00e1fiai vagy \u00fczleti adatokat is gy\u0171jthet, amelyek \u2013 a n\u00e9vtelens\u00e9g miatt \u2013 nem min\u0151s\u00fclnek szem\u00e9lyes adatoknak.<\/p>\n\n\n\n<p><strong>5. AZ ADATKEZEL\u00c9S ID\u0150TARTAMA<\/strong><\/p>\n\n\n\n<p><strong>5.1. Az \u00c9rintett szem\u00e9lyes adatainak kezel\u00e9se az adat k\u00f6zl\u00e9s\u00e9nek id\u0151pontj\u00e1t\u00f3l az adatnak az Adatkezel\u0151 \u00e1ltali t\u00f6rl\u00e9s\u00e9ig tart.<\/strong><\/p>\n\n\n\n<p><strong>5.2.<\/strong>&nbsp;Az \u00c9rintett h\u00edrlev\u00e9l k\u00fcld\u00e9s\u00e9hez adott hozz\u00e1j\u00e1rul\u00e1sa megsz\u00fcntethet\u0151 a h\u00edrlevelek alj\u00e1n tal\u00e1lhat\u00f3 leiratkoz\u00e1s linkkel, illetve az Adatkezel\u0151 \u00fcgyf\u00e9lszolg\u00e1lat\u00e1nak seg\u00edts\u00e9g\u00e9vel is. (E-mail: hello@permaculture.hu)<\/p>\n\n\n\n<p><strong>5.3.<\/strong>&nbsp;Az adatb\u00e1zisb\u00f3l val\u00f3 t\u00f6rl\u00e9s az \u00c9rintett k\u00e9r\u00e9s\u00e9re is t\u00f6rt\u00e9nhet, \u00edgy az adatkezel\u00e9s \u2013 a fent meghat\u00e1rozott id\u0151tartamokon bel\u00fcl \u2013 mindaddig fenn\u00e1ll, am\u00edg az \u00c9rintett kifejezetten nem k\u00e9ri az Adatkezel\u0151t\u0151l az adatainak t\u00f6rl\u00e9s\u00e9t.<\/p>\n\n\n\n<p><strong>5.4.<\/strong>&nbsp;Az Adatkezel\u0151 legk\u00e9s\u0151bb az \u00c9rintett k\u00e9relm\u00e9nek \u00e1tv\u00e9tel\u00e9t\u0151l sz\u00e1m\u00edtott 30 (harminc) napt\u00e1ri napon bel\u00fcl t\u00f6rli az adatot.<\/p>\n\n\n\n<p><strong>5.5.<\/strong>&nbsp;A fenti rendelkez\u00e9sek nem \u00e9rintik a jogszab\u00e1lyban meghat\u00e1rozott, p\u00e9ld\u00e1ul sz\u00e1mviteli el\u0151\u00edr\u00e1sokb\u00f3l fakad\u00f3 meg\u0151rz\u00e9si k\u00f6telezetts\u00e9gek teljes\u00edt\u00e9s\u00e9t. Az Adatkezel\u0151 \u00fcgyfelei \u00e1ltal ig\u00e9nybe vett szolg\u00e1ltat\u00e1sok adatai megjelennek a sz\u00e1ml\u00e1n \u00e9s egy\u00e9b sz\u00e1mviteli bizonylatokon is, ezek az adatok a sz\u00e1mviteli el\u0151\u00edr\u00e1sok miatt nem t\u00f6r\u00f6lhet\u0151ek.<\/p>\n\n\n\n<p><strong>AZ ADATKEZEL\u00c9S M\u00d3DJA<\/strong><\/p>\n\n\n\n<p><strong>6.1.<\/strong>&nbsp;Az \u00c9rintett a regisztr\u00e1ci\u00f3val, az Adatkezel\u0151 honlapj\u00e1nak haszn\u00e1lat\u00e1val, egyes k\u00e9rd\u0151\u00edvek kit\u00f6lt\u00e9s\u00e9vel, postai vagy elektronikus levelekben val\u00f3 r\u00f6gz\u00edt\u00e9ssel, szem\u00e9lyes m\u00f3don t\u00f6rt\u00e9n\u0151 feliratkoz\u00e1ssal \u00e9s esetleges egy\u00e9b egyedi m\u00f3don k\u00f6zli az Adatkezel\u0151vel a szem\u00e9lyes adatait.<\/p>\n\n\n\n<p><strong>6.2.<\/strong>&nbsp;Az \u00c9rintettek szem\u00e9lyes adatainak nyilv\u00e1ntart\u00e1sa az egyes adatkezel\u00e9si c\u00e9lok szerint elk\u00fcl\u00f6n\u00edtve t\u00f6rt\u00e9nik.<\/p>\n\n\n\n<p><strong>6.3.<\/strong>&nbsp;Az \u00c9rintettek szem\u00e9lyes adataihoz hozz\u00e1f\u00e9r\u0151k k\u00f6re:<\/p>\n\n\n\n<ol class=\"wp-block-list\"><li>az Adatkezel\u0151 munkat\u00e1rsai;<\/li><li>az al\u00e1bbiakban meghat\u00e1rozott Adatfeldolgoz\u00f3k munkat\u00e1rsai;<\/li><li>egyes hat\u00f3s\u00e1gok a hat\u00f3s\u00e1gi elj\u00e1r\u00e1sok sor\u00e1n \u00e1ltaluk k\u00e9rt \u00e9s az Adatkezel\u0151 \u00e1ltal t\u00f6rv\u00e9nyileg k\u00f6telez\u0151en \u00e1tadand\u00f3 adatok vonatkoz\u00e1s\u00e1ban;<\/li><li>egy\u00e9b szem\u00e9lyek az \u00c9rintett kifejezett hozz\u00e1j\u00e1rul\u00e1sa alapj\u00e1n.<\/li><\/ol>\n\n\n\n<p><strong>6.4.<\/strong>&nbsp;Az Adatkezel\u0151 id\u0151beli korl\u00e1toz\u00e1s n\u00e9lk\u00fcli szigor\u00fa titoktart\u00e1si k\u00f6telezetts\u00e9get v\u00e1llal az \u00e1ltala kezelt szem\u00e9lyes adatok vonatkoz\u00e1s\u00e1ban, azokat \u2013 az \u00c9rintett hozz\u00e1j\u00e1rul\u00e1s\u00e1t\u00f3l elt\u00e9r\u0151en \u2013 nem hozhatja harmadik szem\u00e9ly tudom\u00e1s\u00e1ra.<\/p>\n\n\n\n<p><strong>ADATFELDOLGOZ\u00c1S<\/strong><\/p>\n\n\n\n<p><strong>7.1.<\/strong>&nbsp;Az Adatkezel\u0151 adatfeldolgoz\u00f3k\u00e9nt ig\u00e9nybe veszi az al\u00e1bbi Adatfeldolgoz\u00f3 szolg\u00e1ltat\u00e1sokat:<\/p>\n\n\n\n<ul class=\"wp-block-list\"><li>\u00a0NetMasters Europe Kft.\u00a0(4200 Hajd\u00faszoboszl\u00f3, Di\u00f3szegi S\u00e1muel utca 5., ad\u00f3sz\u00e1ma: 24812087-2-09, HU24812087), mint t\u00e1rhelyszolg\u00e1ltat\u00f3.<\/li><\/ul>\n\n\n\n<ul class=\"wp-block-list\"><li>Mailchimp, The Rocket Science Group, LLC, 675 Ponce de Leon Avenue NE, Suite 5000, Atlanta, GA 30308, United States, mint h\u00edrlev\u00e9l-k\u00fcld\u0151, adatb\u00e1zis-kezel\u0151<\/li><li>Google, Inc., 2400 Bayshore Parkway, Mountain View, California 94043, U.S.A., mint adatb\u00e1zis-kezel\u0151<\/li><\/ul>\n\n\n\n<p><strong>ADATBIZTONS\u00c1G<\/strong><\/p>\n\n\n\n<p><strong>8.1.<\/strong>&nbsp;Az Adatkezel\u0151 gondoskodik a szem\u00e9lyes adatok biztons\u00e1g\u00e1r\u00f3l, megteszi tov\u00e1bb\u00e1 azokat a technikai \u00e9s szervez\u00e9si int\u00e9zked\u00e9seket \u00e9s kialak\u00edtja azokat az elj\u00e1r\u00e1si szab\u00e1lyokat, amelyek az Infotv., valamint egy\u00e9b adat- \u00e9s titokv\u00e9delmi szab\u00e1lyok \u00e9rv\u00e9nyre juttat\u00e1s\u00e1hoz sz\u00fcks\u00e9gesek.<\/p>\n\n\n\n<p><strong>8.2.<\/strong>&nbsp;Az Adatkezel\u0151 a szem\u00e9lyes adatokat v\u00e9di k\u00fcl\u00f6n\u00f6sen a jogosulatlan hozz\u00e1f\u00e9r\u00e9s, megv\u00e1ltoztat\u00e1s, tov\u00e1bb\u00edt\u00e1s, nyilv\u00e1noss\u00e1gra hozatal, t\u00f6rl\u00e9s vagy megsemmis\u00edt\u00e9s, valamint a v\u00e9letlen megsemmis\u00fcl\u00e9s vagy s\u00e9r\u00fcl\u00e9s ellen.<\/p>\n\n\n\n<p><strong>T\u00c1J\u00c9KOZTAT\u00c1S K\u00c9R\u00c9SE, AZ ADATOK HELYESB\u00cdT\u00c9SE, T\u00d6RL\u00c9SE,<\/strong><\/p>\n\n\n\n<p><strong>Z\u00c1ROL\u00c1SA<\/strong><\/p>\n\n\n\n<p><strong>9.1.<\/strong>&nbsp;Az \u00c9rintett<\/p>\n\n\n\n<ol class=\"wp-block-list\"><li>t\u00e1j\u00e9koztat\u00e1st k\u00e9rhet szem\u00e9lyes adatai kezel\u00e9s\u00e9r\u0151l;<\/li><li>k\u00e9rheti szem\u00e9lyes adatainak helyesb\u00edt\u00e9s\u00e9t;<\/li><li>k\u00e9rheti szem\u00e9lyes adatainak t\u00f6rl\u00e9s\u00e9t vagy z\u00e1rol\u00e1s\u00e1t;<\/li><li>tiltakozhat szem\u00e9lyes adat\u00e1nak kezel\u00e9se ellen.<\/li><\/ol>\n\n\n\n<p><strong>9.2.<\/strong>&nbsp;Az \u00c9rintett t\u00e1j\u00e9koztat\u00e1s\u00e1t az Adatkezel\u0151 csak az Infotv. 9. \u00a7 (1) bekezd\u00e9s\u00e9ben, valamint a 19. \u00a7-ban meghat\u00e1rozott esetekben tagadhatja meg.<\/p>\n\n\n\n<p><strong>9.3.<\/strong>&nbsp;Az \u00c9rintett k\u00e9relm\u00e9re az Adatkezel\u0151 t\u00e1j\u00e9koztat\u00e1st ad az \u00e1ltala kezelt, illet\u0151leg az \u00e1ltala megb\u00edzott Adatfeldolgoz\u00f3k \u00e1ltal feldolgozott adatair\u00f3l, az adatkezel\u00e9s c\u00e9lj\u00e1r\u00f3l, jogalapj\u00e1r\u00f3l, id\u0151tartam\u00e1r\u00f3l, az Adatfeldolgoz\u00f3k nev\u00e9r\u0151l, c\u00edm\u00e9r\u0151l \u00e9s az adatkezel\u00e9ssel \u00f6sszef\u00fcgg\u0151 tev\u00e9kenys\u00e9g\u00e9r\u0151l, tov\u00e1bb\u00e1 arr\u00f3l, hogy kik \u00e9s milyen c\u00e9lb\u00f3l kapj\u00e1k, vagy kapt\u00e1k meg az adatokat. Az Adatkezel\u0151 erre vonatkoz\u00f3 k\u00e9relem eset\u00e9n 30 (harminc) napt\u00e1ri napon bel\u00fcl \u00edr\u00e1sban k\u00f6teles megadni a t\u00e1j\u00e9koztat\u00e1st.<\/p>\n\n\n\n<p><strong>9.4.<\/strong>&nbsp;A val\u00f3s\u00e1gnak meg nem felel\u0151 szem\u00e9lyes adatot az Adatkezel\u0151 helyesb\u00edteni k\u00f6teles.<\/p>\n\n\n\n<p><strong>9.5.<\/strong>&nbsp;A szem\u00e9lyes adatot t\u00f6r\u00f6lni kell, ha<\/p>\n\n\n\n<ol class=\"wp-block-list\"><li>a kezel\u00e9se jogellenes;<\/li><li>az adatkezel\u00e9ssel \u00e9rintett az adatok t\u00f6rl\u00e9s\u00e9t k\u00e9ri;<\/li><li>az hi\u00e1nyos vagy t\u00e9ves \u2013 \u00e9s ez az \u00e1llapot jogszer\u0171en nem korrig\u00e1lhat\u00f3 \u2013 felt\u00e9ve, hogy a t\u00f6rl\u00e9st t\u00f6rv\u00e9ny nem z\u00e1rja ki;<\/li><li>az adatkezel\u00e9s c\u00e9lja megsz\u0171nt;<\/li><li>az adatok t\u00e1rol\u00e1s\u00e1nak t\u00f6rv\u00e9nyben meghat\u00e1rozott hat\u00e1rideje lej\u00e1rt;<\/li><li>a t\u00f6rl\u00e9st a b\u00edr\u00f3s\u00e1g vagy a Nemzeti Adatv\u00e9delmi \u00e9s Inform\u00e1ci\u00f3szabads\u00e1g Hat\u00f3s\u00e1g elrendelte.<\/li><\/ol>\n\n\n\n<p><strong>JOGORVOSLAT<\/strong><\/p>\n\n\n\n<p><strong>10.1.<\/strong>&nbsp;Az \u00c9rintett az Infotv. 21. \u00a7-\u00e1ban meghat\u00e1rozott okokb\u00f3l tiltakozhat szem\u00e9lyes adat\u00e1nak kezel\u00e9se ellen. Ebben az esetben az Adatkezel\u0151 a k\u00e9relem beny\u00fajt\u00e1s\u00e1t\u00f3l sz\u00e1m\u00edtott 15 (tizen\u00f6t) napt\u00e1ri nap alatt k\u00f6teles a tiltakoz\u00e1st megvizsg\u00e1lni \u00e9s annak eredm\u00e9ny\u00e9r\u0151l a k\u00e9relmez\u0151t \u00edr\u00e1sban t\u00e1j\u00e9koztatni.<\/p>\n\n\n\n<p><strong>10.2.<\/strong>&nbsp;Ha az \u00c9rintett az Adatkezel\u0151nek a d\u00f6nt\u00e9s\u00e9vel nem \u00e9rt egyet, illetve, ha az Adatkezel\u0151 a hat\u00e1rid\u0151t elmulasztja, az \u00c9rintett \u2013 a d\u00f6nt\u00e9s k\u00f6zl\u00e9s\u00e9t\u0151l, illetve a hat\u00e1rid\u0151 utols\u00f3 napj\u00e1t\u00f3l sz\u00e1m\u00edtott 30 (harminc) napt\u00e1ri napon bel\u00fcl \u2013 b\u00edr\u00f3s\u00e1ghoz fordulhat.<\/p>\n\n\n\n<p><strong>10.3.<\/strong>&nbsp;Az \u00c9rintett a jogainak megs\u00e9rt\u00e9se eset\u00e9n b\u00edr\u00f3s\u00e1ghoz, konkr\u00e9tan az illet\u00e9kes t\u00f6rv\u00e9nysz\u00e9khez, a f\u0151v\u00e1rosban a F\u0151v\u00e1rosi T\u00f6rv\u00e9nysz\u00e9khez fordulhat az Infotv. 22. \u00a7-\u00e1ban meghat\u00e1rozottak szerint.<\/p>\n\n\n\n<p><strong>10.4.<\/strong>&nbsp;Jogorvoslati lehet\u0151s\u00e9ggel, panasszal a Nemzeti Adatv\u00e9delmi \u00e9s Inform\u00e1ci\u00f3szabads\u00e1g Hat\u00f3s\u00e1gn\u00e1l is lehet \u00e9lni:<\/p>\n\n\n\n<ol class=\"wp-block-list\"><li>N\u00e9v: Nemzeti Adatv\u00e9delmi \u00e9s Inform\u00e1ci\u00f3szabads\u00e1g Hat\u00f3s\u00e1g<\/li><li>Sz\u00e9khely: 1024 Budapest, Szil\u00e1gyi Erzs\u00e9bet fasor 22\/C.<\/li><li>Honlap:&nbsp;<a href=\"http:\/\/www.naih.hu\/\">www.naih.hu<\/a><\/li><li>Telefon: +36 (1) 391-1400<\/li><li>E-mail: ugyfelszolgalat@naih.hu<\/li><\/ol>\n\n\n\n<p>EGYOLDAL\u00da M\u00d3DOS\u00cdTHAT\u00d3S\u00c1G<\/p>\n\n\n\n<p><strong>11.1.<\/strong>&nbsp;Az Adatkezel\u0151 fenntartja a jogot, hogy a jelen adatkezel\u00e9si t\u00e1j\u00e9koztat\u00f3t egyoldal\u00faan m\u00f3dos\u00edtsa.<\/p>\n\n\n\n<p><strong>11.2.<\/strong>&nbsp;Az Adatkezel\u0151 a jelen adatkezel\u00e9si t\u00e1j\u00e9koztat\u00f3 hat\u00e1lyos v\u00e1ltozat\u00e1t az internetes honlapj\u00e1n teszi k\u00f6zz\u00e9. Az \u00c9rintett az Adatkezel\u0151 \u00e1ltal ny\u00fajtott szolg\u00e1ltat\u00e1s ig\u00e9nybe v\u00e9tel\u00e9vel, r\u00e1utal\u00f3 magatart\u00e1ssal fogadja el a m\u00f3dos\u00edtott adatkezel\u00e9si t\u00e1j\u00e9koztat\u00f3ban foglaltakat.<\/p>","protected":false},"excerpt":{"rendered":"<p>ADATKEZEL\u0150 1.1.&nbsp;Az adatkezel\u0151&nbsp;Permaculture Resources Ireland&nbsp;(sz\u00e9khely: Cornucopia Road, Bawnaknockane, Ballydehob, Co. Cork P81, Ireland), tov\u00e1bbiakban:&nbsp;\u201eAdatkezel\u0151\u201d). 1.2.&nbsp;Az Adatkezel\u0151 a permaculture.hu, pdc.permaculture.hu, weboldalakon, illetve szem\u00e9lyes form\u00e1ban feliratkozott felhaszn\u00e1l\u00f3knak k\u00fcld h\u00edrleveleket a weboldalak tev\u00e9kenys\u00e9gi k\u00f6r\u00e9be tartoz\u00f3 h\u00edrekr\u0151l, cikkeir\u0151l, rendezv\u00e9nyeir\u0151l \u00e9s kiadv\u00e1nyair\u00f3l. Az \u00e9rintettek szem\u00e9lyes adatainak kezel\u00e9s\u00e9t a hat\u00e1lyos jogszab\u00e1lyi el\u0151\u00edr\u00e1sok \u00e9s az \u00fczleti etika szab\u00e1lyainak betart\u00e1s\u00e1val v\u00e9gzi. GDPR 2. [&hellip;]<\/p>\n","protected":false},"author":3,"featured_media":0,"parent":0,"menu_order":0,"comment_status":"closed","ping_status":"closed","template":"","meta":{"_bbp_topic_count":0,"_bbp_reply_count":0,"_bbp_total_topic_count":0,"_bbp_total_reply_count":0,"_bbp_voice_count":0,"_bbp_anonymous_reply_count":0,"_bbp_topic_count_hidden":0,"_bbp_reply_count_hidden":0,"_bbp_forum_subforum_count":0,"footnotes":""},"class_list":["post-100000569","page","type-page","status-publish"],"_links":{"self":[{"href":"https:\/\/most.permaculture.hu\/en\/wp-json\/wp\/v2\/pages\/100000569","targetHints":{"allow":["GET"]}}],"collection":[{"href":"https:\/\/most.permaculture.hu\/en\/wp-json\/wp\/v2\/pages"}],"about":[{"href":"https:\/\/most.permaculture.hu\/en\/wp-json\/wp\/v2\/types\/page"}],"author":[{"embeddable":true,"href":"https:\/\/most.permaculture.hu\/en\/wp-json\/wp\/v2\/users\/3"}],"replies":[{"embeddable":true,"href":"https:\/\/most.permaculture.hu\/en\/wp-json\/wp\/v2\/comments?post=100000569"}],"version-history":[{"count":0,"href":"https:\/\/most.permaculture.hu\/en\/wp-json\/wp\/v2\/pages\/100000569\/revisions"}],"wp:attachment":[{"href":"https:\/\/most.permaculture.hu\/en\/wp-json\/wp\/v2\/media?parent=100000569"}],"curies":[{"name":"wp","href":"https:\/\/api.w.org\/{rel}","templated":true}]}}